{"id":48412,"date":"2026-02-23T14:24:26","date_gmt":"2026-02-23T17:24:26","guid":{"rendered":"https:\/\/salaoparceiro.com\/?post_type=product&#038;p=48412"},"modified":"2026-04-15T13:20:34","modified_gmt":"2026-04-15T16:20:34","slug":"oil-complex-51ml","status":"publish","type":"product","link":"https:\/\/salaoparceiro.com\/index.php\/produto\/oil-complex-51ml\/","title":{"rendered":"Oil Complex 51mL"},"content":{"rendered":"<p>O<strong> Oil Complex <\/strong>serve para nutrir, dar brilho intenso, maciez e prote\u00e7\u00e3o aos cabelos, sendo multifuncional e vers\u00e1til, podendo ser usado como pr\u00e9-poo, leave-in, finalizador ou para potencializar m\u00e1scaras capilares, protegendo tamb\u00e9m contra o calor do secador e processos qu\u00edmicos, para todos os tipos de cabelo, incluindo os finos. Ele controla o frizz, combate o ressecamento e deixa os fios sedosos e luminosos, com f\u00f3rmulas enriquecidas com \u00f3leo de <strong>Argan, Cal\u00e1mo, Canela, Oliva, Mirra e Pracaxi.<\/strong><br \/>\nA combina\u00e7\u00e3o excepcional com fragr\u00e2ncia de notas florais e sa\u00edda c\u00edtrica com vanila. Envolve o cabelo em uma fragr\u00e2ncia inesquec\u00edvel, proporcionando uma experi\u00eancia sensorial \u00fanica. Livre de sulfatos, hidrata profundamente e mant\u00e9m os fios sem frizz, deixando-os com textura suave e brilhantes. Com finaliza\u00e7\u00e3o impec\u00e1vel que garante at\u00e9 48hs de brilho de longa dura\u00e7\u00e3o*<br \/>\ncom prote\u00e7\u00e3o <strong>UVA<\/strong> e <strong>UVB<\/strong><\/p>\n<h3>Como usar:<\/h3>\n<p><strong>USO DI\u00c1RIO<\/strong>: Aplique uma pequena quantidade nas palmas das m\u00e3os e espalhe no comprimento e pontas.<\/p>\n<p><strong>USO NOTURNO:<\/strong> Aplique uma quantidade generosa no comprimento e pontas e enx\u00e1gue no dia seguinte.<\/p>\n<p><strong>USO PRAIA E PISCINA:<\/strong> Antes e depois para proteger contra o excesso da \u00e1gua do mar e os agentes qu\u00edmicos da piscina.<\/p>\n<p>Apos a escova aplicar algumas gotas do <strong> Oil Complex <\/strong>\u00a0nas pontas e meio, auxilia na fitagem dos cacheados oferecendo brilho e maciez<\/p>\n<p>&nbsp;<\/p>\n<h3>A\u00e7\u00e3o \/ Resultado:<\/h3>\n<p>Considerado o ouro l\u00edquido de Marrocos, este \u00f3leo penetra profundamente na fibra capilar, preenchendo as menores fissuras. Uma pel\u00edcula protetora \u00e9 formada sem oferecer peso ao cabelo, dando maciez e hidrata\u00e7\u00e3o.<\/p>\n<p>Elimina os <strong>FRIZZ,<\/strong> envolve as camadas cuticulares da fibra capilar, reparando os danos, selando as cut\u00edculas e criando um filme protetor contra as agress\u00f5es externas.<\/p>\n","protected":false},"excerpt":{"rendered":"<p>O Oil Complex serve para nutrir, dar brilho intenso, maciez e prote\u00e7\u00e3o aos cabelos, sendo multifuncional e vers\u00e1til, podendo ser usado como pr\u00e9-poo, leave-in, finalizador ou para potencializar m\u00e1scaras capilares, protegendo tamb\u00e9m contra o calor do secador e processos qu\u00edmicos, para todos os tipos de cabelo, incluindo os finos. Ele controla o frizz, combate o [&hellip;]<\/p>\n","protected":false},"featured_media":49010,"template":"","meta":{"ocean_post_layout":"","ocean_both_sidebars_style":"","ocean_both_sidebars_content_width":0,"ocean_both_sidebars_sidebars_width":0,"ocean_sidebar":"0","ocean_second_sidebar":"0","ocean_disable_margins":"enable","ocean_add_body_class":"","ocean_shortcode_before_top_bar":"","ocean_shortcode_after_top_bar":"","ocean_shortcode_before_header":"","ocean_shortcode_after_header":"","ocean_has_shortcode":"","ocean_shortcode_after_title":"","ocean_shortcode_before_footer_widgets":"","ocean_shortcode_after_footer_widgets":"","ocean_shortcode_before_footer_bottom":"","ocean_shortcode_after_footer_bottom":"","ocean_display_top_bar":"default","ocean_display_header":"default","ocean_header_style":"","ocean_center_header_left_menu":"0","ocean_custom_header_template":"0","ocean_custom_logo":0,"ocean_custom_retina_logo":0,"ocean_custom_logo_max_width":0,"ocean_custom_logo_tablet_max_width":0,"ocean_custom_logo_mobile_max_width":0,"ocean_custom_logo_max_height":0,"ocean_custom_logo_tablet_max_height":0,"ocean_custom_logo_mobile_max_height":0,"ocean_header_custom_menu":"0","ocean_menu_typo_font_family":"0","ocean_menu_typo_font_subset":"","ocean_menu_typo_font_size":0,"ocean_menu_typo_font_size_tablet":0,"ocean_menu_typo_font_size_mobile":0,"ocean_menu_typo_font_size_unit":"px","ocean_menu_typo_font_weight":"","ocean_menu_typo_font_weight_tablet":"","ocean_menu_typo_font_weight_mobile":"","ocean_menu_typo_transform":"","ocean_menu_typo_transform_tablet":"","ocean_menu_typo_transform_mobile":"","ocean_menu_typo_line_height":0,"ocean_menu_typo_line_height_tablet":0,"ocean_menu_typo_line_height_mobile":0,"ocean_menu_typo_line_height_unit":"","ocean_menu_typo_spacing":0,"ocean_menu_typo_spacing_tablet":0,"ocean_menu_typo_spacing_mobile":0,"ocean_menu_typo_spacing_unit":"","ocean_menu_link_color":"","ocean_menu_link_color_hover":"","ocean_menu_link_color_active":"","ocean_menu_link_background":"","ocean_menu_link_hover_background":"","ocean_menu_link_active_background":"","ocean_menu_social_links_bg":"","ocean_menu_social_hover_links_bg":"","ocean_menu_social_links_color":"","ocean_menu_social_hover_links_color":"","ocean_disable_title":"default","ocean_disable_heading":"default","ocean_post_title":"","ocean_post_subheading":"","ocean_post_title_style":"","ocean_post_title_background_color":"","ocean_post_title_background":0,"ocean_post_title_bg_image_position":"","ocean_post_title_bg_image_attachment":"","ocean_post_title_bg_image_repeat":"","ocean_post_title_bg_image_size":"","ocean_post_title_height":0,"ocean_post_title_bg_overlay":0.5,"ocean_post_title_bg_overlay_color":"","ocean_disable_breadcrumbs":"default","ocean_breadcrumbs_color":"","ocean_breadcrumbs_separator_color":"","ocean_breadcrumbs_links_color":"","ocean_breadcrumbs_links_hover_color":"","ocean_display_footer_widgets":"default","ocean_display_footer_bottom":"default","ocean_custom_footer_template":"0"},"location":[],"product_brand":[],"product_cat":[64,67],"product_tag":[],"class_list":{"0":"post-48412","1":"product","2":"type-product","3":"status-publish","4":"has-post-thumbnail","6":"product_cat-finalizacao","7":"product_cat-manutencao","9":"entry","10":"has-media","12":"first","13":"instock","14":"featured","15":"shipping-taxable","16":"purchasable","17":"product-type-simple","18":"has-product-nav","19":"col","20":"span_1_of_5","21":"owp-content-center","22":"owp-thumbs-layout-horizontal","23":"owp-btn-normal","24":"owp-tabs-layout-horizontal","25":"has-no-thumbnails"},"_links":{"self":[{"href":"https:\/\/salaoparceiro.com\/index.php\/wp-json\/wp\/v2\/product\/48412","targetHints":{"allow":["GET"]}}],"collection":[{"href":"https:\/\/salaoparceiro.com\/index.php\/wp-json\/wp\/v2\/product"}],"about":[{"href":"https:\/\/salaoparceiro.com\/index.php\/wp-json\/wp\/v2\/types\/product"}],"wp:featuredmedia":[{"embeddable":true,"href":"https:\/\/salaoparceiro.com\/index.php\/wp-json\/wp\/v2\/media\/49010"}],"wp:attachment":[{"href":"https:\/\/salaoparceiro.com\/index.php\/wp-json\/wp\/v2\/media?parent=48412"}],"wp:term":[{"taxonomy":"location","embeddable":true,"href":"https:\/\/salaoparceiro.com\/index.php\/wp-json\/wp\/v2\/location?post=48412"},{"taxonomy":"product_brand","embeddable":true,"href":"https:\/\/salaoparceiro.com\/index.php\/wp-json\/wp\/v2\/product_brand?post=48412"},{"taxonomy":"product_cat","embeddable":true,"href":"https:\/\/salaoparceiro.com\/index.php\/wp-json\/wp\/v2\/product_cat?post=48412"},{"taxonomy":"product_tag","embeddable":true,"href":"https:\/\/salaoparceiro.com\/index.php\/wp-json\/wp\/v2\/product_tag?post=48412"}],"curies":[{"name":"wp","href":"https:\/\/api.w.org\/{rel}","templated":true}]}}