{"id":3542,"date":"2022-10-20T12:30:20","date_gmt":"2022-10-20T15:30:20","guid":{"rendered":"https:\/\/salaoparceiro.com\/?post_type=product&#038;p=3542"},"modified":"2026-04-13T15:52:25","modified_gmt":"2026-04-13T18:52:25","slug":"elixir-leave-in-nutritive-500ml","status":"publish","type":"product","link":"https:\/\/salaoparceiro.com\/index.php\/produto\/elixir-leave-in-nutritive-500ml\/","title":{"rendered":"ELIXIR LEAVE-IN  NUTRITIVE 500ml"},"content":{"rendered":"<p>Exclusiva f\u00f3rmula com a\u00e7\u00e3o nutrireparadora e desenvolvida com riqu\u00edssimos \u00f3leos de tratamento apresentam a combina\u00e7\u00e3o perfeita para deixar seus cabelos com excelente resultado de nutri\u00e7\u00e3o e hidrata\u00e7\u00e3o, vitalidade e brilho. Para tratar cabelos extremamente ressecados. Elaborado com Macad\u00e2mia, Pracaxi e C\u00e1lamo, ativos conhecidos por suas propriedades emolientes e altamente hidratantes, recuperam a vitalidade e a maleabilidade dos fios conferindo brilho tridimensional.<\/p>\n<p><strong>&#8211; \u00d3leo de C\u00e1lamo:<\/strong> Combate o frizz e sela os fios, protegendo-os das agress\u00f5es externas<\/p>\n<p><strong>&#8211; \u00d3leo de Pracaxi:<\/strong> Devolve o brilho e maciez aos cabelos danificados por processos qu\u00edmicos.<\/p>\n<p><strong>&#8211; \u00d3leo de Macad\u00e2mia:<\/strong> Fortalece e regenerador da fibra capilar, lubrifica e os mantem hidratados por mais tempo.<\/p>\n<p>&nbsp;<\/p>\n<h3>Ingredientes especiais:<\/h3>\n<p>Cyclopentasiloxane\/Tensoativo cati\u00f4nico\/Propylene Glycol\/Quaternium-70Amodimethicone \/ Cetrimonium Chloride \/ Trideceth-12\/Hydrolyzed Ananas Sativus Fruit \/ Hydrolyzed Banana Fruit \/ Hydrolyzed Cocoa Fruit\/Vitamina E\/Filtro Solar UVB e UVA\/Lauroyl Lysine \/ Glycine \/ Acetyl Cysteine \/ Arginine HCL\/Perfume feminino Giovanna Baby &#8211; Notas florais com patchouli e sa\u00edda verde.<\/p>\n<p>&nbsp;<\/p>\n<h3>Como usar:<\/h3>\n<p>Ap\u00f3s o uso da <strong>M\u00c1SCARA NUTRITIVE\u00a0<\/strong> <strong>ELIXIR, <\/strong>Com os fios umedecidos, aplique no comprimento e pontas distribuindo bem. N\u00e3o necessita enx\u00e1gue. Seque com o secador ou deixar secar de forma natural.<\/p>\n<h3>A\u00e7\u00e3o \/ Resultado:<\/h3>\n<p><strong>\u00a0<\/strong>Assegura brilho intenso com finaliza\u00e7\u00e3o 3D, al\u00e9m de nutrir e proteger cabelos quimicamente tratado. Cria uma camada de prote\u00e7\u00e3o prolongada.<\/p>\n<p><strong>PEL\u00cdCULA FILMOG\u00caNA PROTETORA: <\/strong>Capaz de formar uma pel\u00edcula flex\u00edvel que oferece condicionamento para o fio. Al\u00e9m disso, os cabelos ganham uma substantividade delicada.<\/p>\n<p><strong>Redu\u00e7\u00e3o de frizz<\/strong>\u00a0e prote\u00e7\u00e3o t\u00e9rmica para garantir cabelos sedosos e macios.<\/p>\n<p>DICA PARA O PROFISSIONAL<\/p>\n<p>Ideal para cabelos extremamente ressecador e porosos<\/p>\n<p><strong>Luna Matrix\u00ae<\/strong> &#8211; Sistema \u00fanico de gel lamelar para repor a massa perdida dos cabelos, proporcionando restaura\u00e7\u00e3o, prote\u00e7\u00e3o e brilho.<\/p>\n<p><strong>Liposeal UB\u00ae<\/strong> &#8211; Composto pelos \u00f3leos essenciais de <strong>Canela, C\u00e1lamo, Mirra e Oliva<\/strong>, possui a\u00e7\u00e3o emoliente, formador de filme, <strong>REPOSITOR LIP\u00cdDICO<\/strong>, doador de brilho e <strong>ANTI FRIZZ.<\/strong><\/p>\n","protected":false},"excerpt":{"rendered":"<p>Confere maciez, brilho e sedosidade, trata os cabelos ressecados e sem vida que usaram alisamentos qu\u00edmicos e escovas . Uso di\u00e1rio contendo prote\u00e7\u00e3o UVA e UVB e contra o calor do secador e piastra.<\/p>\n","protected":false},"featured_media":35316,"template":"","meta":{"ocean_post_layout":"","ocean_both_sidebars_style":"","ocean_both_sidebars_content_width":0,"ocean_both_sidebars_sidebars_width":0,"ocean_sidebar":"0","ocean_second_sidebar":"0","ocean_disable_margins":"enable","ocean_add_body_class":"","ocean_shortcode_before_top_bar":"","ocean_shortcode_after_top_bar":"","ocean_shortcode_before_header":"","ocean_shortcode_after_header":"","ocean_has_shortcode":"","ocean_shortcode_after_title":"","ocean_shortcode_before_footer_widgets":"","ocean_shortcode_after_footer_widgets":"","ocean_shortcode_before_footer_bottom":"","ocean_shortcode_after_footer_bottom":"","ocean_display_top_bar":"default","ocean_display_header":"default","ocean_header_style":"","ocean_center_header_left_menu":"0","ocean_custom_header_template":"0","ocean_custom_logo":0,"ocean_custom_retina_logo":0,"ocean_custom_logo_max_width":0,"ocean_custom_logo_tablet_max_width":0,"ocean_custom_logo_mobile_max_width":0,"ocean_custom_logo_max_height":0,"ocean_custom_logo_tablet_max_height":0,"ocean_custom_logo_mobile_max_height":0,"ocean_header_custom_menu":"0","ocean_menu_typo_font_family":"0","ocean_menu_typo_font_subset":"","ocean_menu_typo_font_size":0,"ocean_menu_typo_font_size_tablet":0,"ocean_menu_typo_font_size_mobile":0,"ocean_menu_typo_font_size_unit":"px","ocean_menu_typo_font_weight":"","ocean_menu_typo_font_weight_tablet":"","ocean_menu_typo_font_weight_mobile":"","ocean_menu_typo_transform":"","ocean_menu_typo_transform_tablet":"","ocean_menu_typo_transform_mobile":"","ocean_menu_typo_line_height":0,"ocean_menu_typo_line_height_tablet":0,"ocean_menu_typo_line_height_mobile":0,"ocean_menu_typo_line_height_unit":"","ocean_menu_typo_spacing":0,"ocean_menu_typo_spacing_tablet":0,"ocean_menu_typo_spacing_mobile":0,"ocean_menu_typo_spacing_unit":"","ocean_menu_link_color":"","ocean_menu_link_color_hover":"","ocean_menu_link_color_active":"","ocean_menu_link_background":"","ocean_menu_link_hover_background":"","ocean_menu_link_active_background":"","ocean_menu_social_links_bg":"","ocean_menu_social_hover_links_bg":"","ocean_menu_social_links_color":"","ocean_menu_social_hover_links_color":"","ocean_disable_title":"default","ocean_disable_heading":"default","ocean_post_title":"","ocean_post_subheading":"","ocean_post_title_style":"","ocean_post_title_background_color":"","ocean_post_title_background":0,"ocean_post_title_bg_image_position":"","ocean_post_title_bg_image_attachment":"","ocean_post_title_bg_image_repeat":"","ocean_post_title_bg_image_size":"","ocean_post_title_height":0,"ocean_post_title_bg_overlay":0.5,"ocean_post_title_bg_overlay_color":"","ocean_disable_breadcrumbs":"default","ocean_breadcrumbs_color":"","ocean_breadcrumbs_separator_color":"","ocean_breadcrumbs_links_color":"","ocean_breadcrumbs_links_hover_color":"","ocean_display_footer_widgets":"default","ocean_display_footer_bottom":"default","ocean_custom_footer_template":"0"},"location":[],"product_brand":[],"product_cat":[94],"product_tag":[156],"class_list":{"0":"post-3542","1":"product","2":"type-product","3":"status-publish","4":"has-post-thumbnail","6":"product_cat-tratamento-profissional","7":"product_tag-x","9":"entry","10":"has-media","12":"first","13":"instock","14":"shipping-taxable","15":"purchasable","16":"product-type-simple","17":"has-product-nav","18":"col","19":"span_1_of_5","20":"owp-content-center","21":"owp-thumbs-layout-horizontal","22":"owp-btn-normal","23":"owp-tabs-layout-horizontal","24":"has-no-thumbnails"},"_links":{"self":[{"href":"https:\/\/salaoparceiro.com\/index.php\/wp-json\/wp\/v2\/product\/3542","targetHints":{"allow":["GET"]}}],"collection":[{"href":"https:\/\/salaoparceiro.com\/index.php\/wp-json\/wp\/v2\/product"}],"about":[{"href":"https:\/\/salaoparceiro.com\/index.php\/wp-json\/wp\/v2\/types\/product"}],"wp:featuredmedia":[{"embeddable":true,"href":"https:\/\/salaoparceiro.com\/index.php\/wp-json\/wp\/v2\/media\/35316"}],"wp:attachment":[{"href":"https:\/\/salaoparceiro.com\/index.php\/wp-json\/wp\/v2\/media?parent=3542"}],"wp:term":[{"taxonomy":"location","embeddable":true,"href":"https:\/\/salaoparceiro.com\/index.php\/wp-json\/wp\/v2\/location?post=3542"},{"taxonomy":"product_brand","embeddable":true,"href":"https:\/\/salaoparceiro.com\/index.php\/wp-json\/wp\/v2\/product_brand?post=3542"},{"taxonomy":"product_cat","embeddable":true,"href":"https:\/\/salaoparceiro.com\/index.php\/wp-json\/wp\/v2\/product_cat?post=3542"},{"taxonomy":"product_tag","embeddable":true,"href":"https:\/\/salaoparceiro.com\/index.php\/wp-json\/wp\/v2\/product_tag?post=3542"}],"curies":[{"name":"wp","href":"https:\/\/api.w.org\/{rel}","templated":true}]}}