{"id":3474,"date":"2022-10-14T12:30:25","date_gmt":"2022-10-14T15:30:25","guid":{"rendered":"https:\/\/salaoparceiro.com\/?post_type=product&#038;p=3474"},"modified":"2026-04-13T09:13:14","modified_gmt":"2026-04-13T12:13:14","slug":"three-power-500ml","status":"publish","type":"product","link":"https:\/\/salaoparceiro.com\/index.php\/produto\/three-power-500ml\/","title":{"rendered":"THREE POWER 500mL"},"content":{"rendered":"<p><strong>Three Power:<\/strong> atua devolvendo for\u00e7a, resist\u00eancia e brilho aos cabelos. Possui tripla a\u00e7\u00e3o. Com o uso da Creatina, Tocoferol e Amino\u00e1cidos os fios ficam refor\u00e7ados, protegidos e com brilho maravilhoso. Ideal Cabelos desfibrados, descoloridos e quebradi\u00e7os Cabelos opacos, ressecados e \u00e1spero Cabelos danificados por colora\u00e7\u00f5es, qu\u00edmicas e alisante.<\/p>\n<p><strong>Creatina<\/strong>: Estimula o crescimento saud\u00e1vel dos cabelos, melhora a sa\u00fade do fol\u00edculo capilar e aumenta a densidade do cabelo.<br \/>\n<strong>Tocoferol<\/strong>: A vitamina E estimula o fornecimento de sangue ao couro cabeludo, melhorando a a\u00e7\u00e3o do brilho capilar.<\/p>\n<p>&nbsp;<\/p>\n<h3>Ingredientes especiais:<\/h3>\n<p>Luna Matrix\u00ae \/ Aspartic Acid \/ PCA \/ Glycine \/ Alanine \/ Serine \/ Valine \/ Proline \/ Threonine \/ Isoleucine \/ Histidine \/ Creatine\/ Vitamina E\/ Quaternium-70 \/\u00a0Glycine \/ Acetyl Cysteine \/ Arginine HCL<\/p>\n<h3><\/h3>\n<h3>Como usar:<\/h3>\n<div id=\"ubDAZ5XjBZzY1sQPi6vo4QI__48\" class=\"bsmXxe\"><\/div>\n<div id=\"ubDAZ5XjBZzY1sQPi6vo4QI__48\" class=\"bsmXxe\">\n<p>Ap\u00f3s o uso do <strong>SHAMPOO FORCE + PLUS<\/strong>, retire o excesso de \u00e1gua dos fios coloque 10g do <strong>THREE POWER\u00a0<\/strong>em um recipiente. Em seguida aplique a m\u00e1scara em todo o comprimento e aguarde de 5 a 10 minutos. Enx\u00e1gue<\/p>\n<\/div>\n<div id=\"ubDAZ5XjBZzY1sQPi6vo4QI__48\" class=\"bsmXxe\"><\/div>\n<p>&nbsp;<\/p>\n<h3>A\u00e7\u00e3o \/ Resultado:<\/h3>\n<p><strong>Desenvolvido para o CRONOGRAMA + PLUS, O THREE POWER <\/strong>\u00e9\u00a0 ideal para cabelos extremamente porosos e ressecados, com sua a\u00e7\u00e3o <strong>+ FOR\u00c7A THREE PLUS, + RESIST\u00caNCIA THREE PLUS,\u00a0 BRILHO THREE PLUS, <\/strong>entrega um resultado imediato.<\/p>\n<p><strong>O THREE POWER + PLUS<\/strong> confere uma <strong>NUTRIREPARA\u00c7\u00c3O<\/strong> superior a <strong>80%<\/strong> + agindo como um <strong>UMECTANTE<\/strong> na fibra capilar de dentro para fora, dando maleabilidade e brilho ao extremo<\/p>\n<p>&nbsp;<\/p>\n","protected":false},"excerpt":{"rendered":"<p>Ativos com Tripla a\u00e7\u00e3o: Creatina que atua na reconstru\u00e7\u00e3o das cut\u00edculas e c\u00f3rtex,\u00a0 Tocoferol que atua como antioxidante,\u00a0 Amino\u00e1cidos que atua reconstruindo o c\u00f3rtex da fibra capilar.<\/p>\n","protected":false},"featured_media":6809,"template":"","meta":{"ocean_post_layout":"","ocean_both_sidebars_style":"","ocean_both_sidebars_content_width":0,"ocean_both_sidebars_sidebars_width":0,"ocean_sidebar":"0","ocean_second_sidebar":"0","ocean_disable_margins":"enable","ocean_add_body_class":"","ocean_shortcode_before_top_bar":"","ocean_shortcode_after_top_bar":"","ocean_shortcode_before_header":"","ocean_shortcode_after_header":"","ocean_has_shortcode":"","ocean_shortcode_after_title":"","ocean_shortcode_before_footer_widgets":"","ocean_shortcode_after_footer_widgets":"","ocean_shortcode_before_footer_bottom":"","ocean_shortcode_after_footer_bottom":"","ocean_display_top_bar":"default","ocean_display_header":"default","ocean_header_style":"","ocean_center_header_left_menu":"0","ocean_custom_header_template":"0","ocean_custom_logo":0,"ocean_custom_retina_logo":0,"ocean_custom_logo_max_width":0,"ocean_custom_logo_tablet_max_width":0,"ocean_custom_logo_mobile_max_width":0,"ocean_custom_logo_max_height":0,"ocean_custom_logo_tablet_max_height":0,"ocean_custom_logo_mobile_max_height":0,"ocean_header_custom_menu":"0","ocean_menu_typo_font_family":"0","ocean_menu_typo_font_subset":"","ocean_menu_typo_font_size":0,"ocean_menu_typo_font_size_tablet":0,"ocean_menu_typo_font_size_mobile":0,"ocean_menu_typo_font_size_unit":"px","ocean_menu_typo_font_weight":"","ocean_menu_typo_font_weight_tablet":"","ocean_menu_typo_font_weight_mobile":"","ocean_menu_typo_transform":"","ocean_menu_typo_transform_tablet":"","ocean_menu_typo_transform_mobile":"","ocean_menu_typo_line_height":0,"ocean_menu_typo_line_height_tablet":0,"ocean_menu_typo_line_height_mobile":0,"ocean_menu_typo_line_height_unit":"","ocean_menu_typo_spacing":0,"ocean_menu_typo_spacing_tablet":0,"ocean_menu_typo_spacing_mobile":0,"ocean_menu_typo_spacing_unit":"","ocean_menu_link_color":"","ocean_menu_link_color_hover":"","ocean_menu_link_color_active":"","ocean_menu_link_background":"","ocean_menu_link_hover_background":"","ocean_menu_link_active_background":"","ocean_menu_social_links_bg":"","ocean_menu_social_hover_links_bg":"","ocean_menu_social_links_color":"","ocean_menu_social_hover_links_color":"","ocean_disable_title":"default","ocean_disable_heading":"default","ocean_post_title":"","ocean_post_subheading":"","ocean_post_title_style":"","ocean_post_title_background_color":"","ocean_post_title_background":0,"ocean_post_title_bg_image_position":"","ocean_post_title_bg_image_attachment":"","ocean_post_title_bg_image_repeat":"","ocean_post_title_bg_image_size":"","ocean_post_title_height":0,"ocean_post_title_bg_overlay":0.5,"ocean_post_title_bg_overlay_color":"","ocean_disable_breadcrumbs":"default","ocean_breadcrumbs_color":"","ocean_breadcrumbs_separator_color":"","ocean_breadcrumbs_links_color":"","ocean_breadcrumbs_links_hover_color":"","ocean_display_footer_widgets":"default","ocean_display_footer_bottom":"default","ocean_custom_footer_template":"0"},"location":[],"product_brand":[],"product_cat":[94],"product_tag":[156],"class_list":{"0":"post-3474","1":"product","2":"type-product","3":"status-publish","4":"has-post-thumbnail","6":"product_cat-tratamento-profissional","7":"product_tag-x","9":"entry","10":"has-media","12":"first","13":"instock","14":"shipping-taxable","15":"purchasable","16":"product-type-simple","17":"has-product-nav","18":"col","19":"span_1_of_5","20":"owp-content-center","21":"owp-thumbs-layout-horizontal","22":"owp-btn-normal","23":"owp-tabs-layout-horizontal","24":"has-no-thumbnails"},"_links":{"self":[{"href":"https:\/\/salaoparceiro.com\/index.php\/wp-json\/wp\/v2\/product\/3474","targetHints":{"allow":["GET"]}}],"collection":[{"href":"https:\/\/salaoparceiro.com\/index.php\/wp-json\/wp\/v2\/product"}],"about":[{"href":"https:\/\/salaoparceiro.com\/index.php\/wp-json\/wp\/v2\/types\/product"}],"wp:featuredmedia":[{"embeddable":true,"href":"https:\/\/salaoparceiro.com\/index.php\/wp-json\/wp\/v2\/media\/6809"}],"wp:attachment":[{"href":"https:\/\/salaoparceiro.com\/index.php\/wp-json\/wp\/v2\/media?parent=3474"}],"wp:term":[{"taxonomy":"location","embeddable":true,"href":"https:\/\/salaoparceiro.com\/index.php\/wp-json\/wp\/v2\/location?post=3474"},{"taxonomy":"product_brand","embeddable":true,"href":"https:\/\/salaoparceiro.com\/index.php\/wp-json\/wp\/v2\/product_brand?post=3474"},{"taxonomy":"product_cat","embeddable":true,"href":"https:\/\/salaoparceiro.com\/index.php\/wp-json\/wp\/v2\/product_cat?post=3474"},{"taxonomy":"product_tag","embeddable":true,"href":"https:\/\/salaoparceiro.com\/index.php\/wp-json\/wp\/v2\/product_tag?post=3474"}],"curies":[{"name":"wp","href":"https:\/\/api.w.org\/{rel}","templated":true}]}}