{"id":3397,"date":"2022-10-10T17:43:52","date_gmt":"2022-10-10T20:43:52","guid":{"rendered":"https:\/\/salaoparceiro.com\/?post_type=product&#038;p=3397"},"modified":"2026-04-16T16:48:30","modified_gmt":"2026-04-16T19:48:30","slug":"ion-progressive-100g","status":"publish","type":"product","link":"https:\/\/salaoparceiro.com\/index.php\/produto\/ion-progressive-100g\/","title":{"rendered":"\u00cdON PROGRESSIVE 100g"},"content":{"rendered":"<p>A <strong>Tecnologia ProLiss\u00ae 100<\/strong> \u00e9 um ativo potente para o termo realinhamento capilar a base de amidas \u00e1cidas derivadas dos amino\u00e1cidos da queratina biofuncionalizada, \u00e9 um ativo seguro e n\u00e3o prejudicial a sa\u00fade, age alisando a fibra de dentro para fora, mudando a estrutura dos fios sem uso de formol e sem incomodo.<\/p>\n<p style=\"text-align: center;\"><strong>Tecnologia I\u00f4nica Thermo Liss<\/strong><\/p>\n<p><strong>\u00d3leo de Argan:<\/strong> \u00e9 rico em \u00e1cidos graxos (como o \u00f4mega 9) essenciais para a sa\u00fade dos cabelos. Eles promovem a hidrata\u00e7\u00e3o e nutri\u00e7\u00e3o profundas dos fios, deixando-os muito mais brilhantes, macios e sem pontas duplas.<\/p>\n<p><strong>Blend de Amino\u00e1cidos<\/strong>: A fun\u00e7\u00e3o dos amino\u00e1cidos nos cabelos, \u00e9 manter a fibra capilar forte, resistente e garantir elasticidade, para evitar a quebra. Logo, o cabelo consegue crescer com mais facilidade.<\/p>\n<p><strong>Extrato de Andiroba:<\/strong> nutre profundamente seus cabelos, proporcionando uma experi\u00eancia revitalizante e rica em antioxidantes. Deixe-se envolver pelos benef\u00edcios desses \u00f3leos naturais, que restaura, recupera pontas quebradi\u00e7as, combate o envelhecimento, fortifica e doa brilho aos seus cabelos.<\/p>\n<p><strong>O extrato de algod\u00e3o<\/strong>: s\u00e3o ben\u00e9ficos para o cabelo, agindo como hidratantes, suavizantes e antioxidantes. Eles ajudam a nutrir, proteger contra ressecamento e danos, fechar cut\u00edculas capilares, diminuir o frizz e proporcionar brilho e maciez aos fios<\/p>\n<p>&nbsp;<\/p>\n<p><strong>COMO USAR:<br \/>\n1\u00ba PASSO:<\/strong> Aplicar 10ml do <strong>GLOW HAIR DETOX SHAMPOO PURIFICANTE<\/strong> preparat\u00f3rio sobre o couro cabeludo e as madeixas \u00famidas, massagear levemente a fim de remover os metais. Retira o excesso de leave-in, reparador de pontas, ativador de cachos, gel, polui\u00e7\u00e3o e radicais livres<\/p>\n<p><strong>2\u00ba PASSO:<\/strong> Com os cabelos 50% \u00famidos aplique a<strong> \u00cdON PROGRESSIVE<\/strong> em mechas finas\u00a0 (Utilize um pincel com luvas e um pente), deixe agir 60 minutos, em cabelos mais grossos realinhar de 20 em 20 minutos. <strong>ENXAGUAR.<\/strong><\/p>\n<p><strong>3\u00ba PASSO:<\/strong> Aplicar 3g do <strong>LISS PROTEIN PROTEINA ESPECIAL<\/strong> sobre as madeixas, <strong>ESCOVAR E PRANCHAR<\/strong> em m\u00e9dia 15 vezes.<\/p>\n<p><strong>4\u00ba PASSO:<\/strong> Ap\u00f3s a escova aplicar 0,3 ml do <strong>SEMI DI LINO OIL COMPLEX<\/strong> sobre as madeixas para oferecer um brilho ao extremo<\/p>\n<p>&nbsp;<\/p>\n","protected":false},"excerpt":{"rendered":"<p>Free de formol,\u00a0 com alta tecnologia de mol\u00e9culas I\u00f4nicas favorece um n\u00edvel de 100% de alisamento, com maior durabilidade de um liso perfeito. progressiva<\/p>\n","protected":false},"featured_media":30657,"template":"","meta":{"ocean_post_layout":"","ocean_both_sidebars_style":"","ocean_both_sidebars_content_width":0,"ocean_both_sidebars_sidebars_width":0,"ocean_sidebar":"0","ocean_second_sidebar":"0","ocean_disable_margins":"enable","ocean_add_body_class":"","ocean_shortcode_before_top_bar":"","ocean_shortcode_after_top_bar":"","ocean_shortcode_before_header":"","ocean_shortcode_after_header":"","ocean_has_shortcode":"","ocean_shortcode_after_title":"","ocean_shortcode_before_footer_widgets":"","ocean_shortcode_after_footer_widgets":"","ocean_shortcode_before_footer_bottom":"","ocean_shortcode_after_footer_bottom":"","ocean_display_top_bar":"default","ocean_display_header":"default","ocean_header_style":"","ocean_center_header_left_menu":"0","ocean_custom_header_template":"0","ocean_custom_logo":0,"ocean_custom_retina_logo":0,"ocean_custom_logo_max_width":0,"ocean_custom_logo_tablet_max_width":0,"ocean_custom_logo_mobile_max_width":0,"ocean_custom_logo_max_height":0,"ocean_custom_logo_tablet_max_height":0,"ocean_custom_logo_mobile_max_height":0,"ocean_header_custom_menu":"0","ocean_menu_typo_font_family":"0","ocean_menu_typo_font_subset":"","ocean_menu_typo_font_size":0,"ocean_menu_typo_font_size_tablet":0,"ocean_menu_typo_font_size_mobile":0,"ocean_menu_typo_font_size_unit":"px","ocean_menu_typo_font_weight":"","ocean_menu_typo_font_weight_tablet":"","ocean_menu_typo_font_weight_mobile":"","ocean_menu_typo_transform":"","ocean_menu_typo_transform_tablet":"","ocean_menu_typo_transform_mobile":"","ocean_menu_typo_line_height":0,"ocean_menu_typo_line_height_tablet":0,"ocean_menu_typo_line_height_mobile":0,"ocean_menu_typo_line_height_unit":"","ocean_menu_typo_spacing":0,"ocean_menu_typo_spacing_tablet":0,"ocean_menu_typo_spacing_mobile":0,"ocean_menu_typo_spacing_unit":"","ocean_menu_link_color":"","ocean_menu_link_color_hover":"","ocean_menu_link_color_active":"","ocean_menu_link_background":"","ocean_menu_link_hover_background":"","ocean_menu_link_active_background":"","ocean_menu_social_links_bg":"","ocean_menu_social_hover_links_bg":"","ocean_menu_social_links_color":"","ocean_menu_social_hover_links_color":"","ocean_disable_title":"default","ocean_disable_heading":"default","ocean_post_title":"","ocean_post_subheading":"","ocean_post_title_style":"","ocean_post_title_background_color":"","ocean_post_title_background":0,"ocean_post_title_bg_image_position":"","ocean_post_title_bg_image_attachment":"","ocean_post_title_bg_image_repeat":"","ocean_post_title_bg_image_size":"","ocean_post_title_height":0,"ocean_post_title_bg_overlay":0.5,"ocean_post_title_bg_overlay_color":"","ocean_disable_breadcrumbs":"default","ocean_breadcrumbs_color":"","ocean_breadcrumbs_separator_color":"","ocean_breadcrumbs_links_color":"","ocean_breadcrumbs_links_hover_color":"","ocean_display_footer_widgets":"default","ocean_display_footer_bottom":"default","ocean_custom_footer_template":"0"},"location":[],"product_brand":[],"product_cat":[96],"product_tag":[],"class_list":{"0":"post-3397","1":"product","2":"type-product","3":"status-publish","4":"has-post-thumbnail","6":"product_cat-alisante","8":"entry","9":"has-media","11":"first","12":"instock","13":"shipping-taxable","14":"purchasable","15":"product-type-simple","16":"has-product-nav","17":"col","18":"span_1_of_5","19":"owp-content-center","20":"owp-thumbs-layout-horizontal","21":"owp-btn-normal","22":"owp-tabs-layout-horizontal","23":"has-no-thumbnails"},"_links":{"self":[{"href":"https:\/\/salaoparceiro.com\/index.php\/wp-json\/wp\/v2\/product\/3397","targetHints":{"allow":["GET"]}}],"collection":[{"href":"https:\/\/salaoparceiro.com\/index.php\/wp-json\/wp\/v2\/product"}],"about":[{"href":"https:\/\/salaoparceiro.com\/index.php\/wp-json\/wp\/v2\/types\/product"}],"wp:featuredmedia":[{"embeddable":true,"href":"https:\/\/salaoparceiro.com\/index.php\/wp-json\/wp\/v2\/media\/30657"}],"wp:attachment":[{"href":"https:\/\/salaoparceiro.com\/index.php\/wp-json\/wp\/v2\/media?parent=3397"}],"wp:term":[{"taxonomy":"location","embeddable":true,"href":"https:\/\/salaoparceiro.com\/index.php\/wp-json\/wp\/v2\/location?post=3397"},{"taxonomy":"product_brand","embeddable":true,"href":"https:\/\/salaoparceiro.com\/index.php\/wp-json\/wp\/v2\/product_brand?post=3397"},{"taxonomy":"product_cat","embeddable":true,"href":"https:\/\/salaoparceiro.com\/index.php\/wp-json\/wp\/v2\/product_cat?post=3397"},{"taxonomy":"product_tag","embeddable":true,"href":"https:\/\/salaoparceiro.com\/index.php\/wp-json\/wp\/v2\/product_tag?post=3397"}],"curies":[{"name":"wp","href":"https:\/\/api.w.org\/{rel}","templated":true}]}}