{"id":3318,"date":"2022-10-10T16:41:19","date_gmt":"2022-10-10T19:41:19","guid":{"rendered":"https:\/\/salaoparceiro.com\/?post_type=product&#038;p=3318"},"modified":"2026-04-14T10:42:16","modified_gmt":"2026-04-14T13:42:16","slug":"elixir-shampoo-nutritive-500ml","status":"publish","type":"product","link":"https:\/\/salaoparceiro.com\/index.php\/produto\/elixir-shampoo-nutritive-500ml\/","title":{"rendered":"ELIXIR SHAMPOO NUTRITIVE 500mL"},"content":{"rendered":"<p>Shampoo Nutritive: Limpa delicadamente removendo as impurezas dos cabelos ressecados, oferecendo brilho maciez realinhando as cut\u00edculas capilares.<\/p>\n<p><strong>&#8211; \u00d3leo de C\u00e1lamo:<\/strong> Combate o frizz e sela os fios, protegendo-os das agress\u00f5es externas<\/p>\n<p><strong>&#8211; \u00d3leo de Pracaxi:<\/strong> Devolve o brilho e maciez aos cabelos danificados por processos qu\u00edmicos.<\/p>\n<p><strong>&#8211; \u00d3leo de Macad\u00e2mia:<\/strong> Fortalece e regenerador da fibra capilar, lubrifica e os mantem hidratados por mais tempo.<\/p>\n<p>&nbsp;<\/p>\n<h3>Ingredientes especiais:<\/h3>\n<p>Liposeal UB\u00ae\/Pentaclethra Macroloba Seed Oil\/Camellia Sinensis Leaf Extract\/Vitamina E\/Citric Acid\/Hydrolyzed Collagen \/ Hydrolyzed Elastin \/ Hydrolyzed Milk Protein \/ Hydrolyzed Keratin \/ Hydrolyzed Wheat Protein \/ Hydrolyzed Rice Protein\/\u00a0Parfum &#8211; notas amadeiradas com bals\u00e2mico e sa\u00edda floral.<\/p>\n<h3>Como usar:<\/h3>\n<p>Aplique no couro e nos cabelos \u00famidos , massageando suavemente e deslizando a espuma pra o comprimento das madeixas at\u00e9 formar espuma rica e cremosa. Deixe agir por 3 minutos e depois enx\u00e1gue. Reaplique se necess\u00e1rio.<\/p>\n<h3>A\u00e7\u00e3o \/ Resultado:<\/h3>\n<ul>\n<li>Maior facilidade para pentear os cabelos, conferindo\u00a0<strong>condicionamento e brilho<\/strong>;<\/li>\n<li>Fibra capilar com maior resist\u00eancia e protegida, aumentando a hidrata\u00e7\u00e3o em cabelos quimicamente tratados;<\/li>\n<li><strong>Redu\u00e7\u00e3o de frizz<\/strong>\u00a0e prote\u00e7\u00e3o t\u00e9rmica para garantir cabelos sedosos e macios.<\/li>\n<\/ul>\n<p>DICA PARA O PROFISSIONAL<\/p>\n<p>Ideal para cabelos extremamente ressecador e porosos<\/p>\n<p><strong>NANO REPARA\u00c7\u00c3O:\u00a0<\/strong>Garante uma camada de prote\u00e7\u00e3o que diminui o frizz, al\u00e9m de proteger a cor, promover brilho e conferir sedosidade para os fios.<\/p>\n<p><strong>Liposeal UB\u00ae<\/strong> &#8211; Composto pelos \u00f3leos essenciais de <strong>Canela, C\u00e1lamo, Mirra e Oliva<\/strong>, possui a\u00e7\u00e3o emoliente, formador de filme, <strong>repositor lip\u00eddico<\/strong>, doador de brilho e antifrizz.<\/p>\n","protected":false},"excerpt":{"rendered":"<p>Sua exclusiva f\u00f3rmula desenvolvida com riqu\u00edssimos \u00f3leos de tratamento apresentam a combina\u00e7\u00e3o perfeita para deixar seus cabelos com excelente resultado de hidrata\u00e7\u00e3o, vitalidade e brilho.\u00a0 Para tratar cabelos ressecados e sem vida que usaram qu\u00edmicas e escovas desenvolvido para cuidar dos cabelos.<\/p>\n","protected":false},"featured_media":25351,"template":"","meta":{"ocean_post_layout":"","ocean_both_sidebars_style":"","ocean_both_sidebars_content_width":0,"ocean_both_sidebars_sidebars_width":0,"ocean_sidebar":"0","ocean_second_sidebar":"0","ocean_disable_margins":"enable","ocean_add_body_class":"","ocean_shortcode_before_top_bar":"","ocean_shortcode_after_top_bar":"","ocean_shortcode_before_header":"","ocean_shortcode_after_header":"","ocean_has_shortcode":"","ocean_shortcode_after_title":"","ocean_shortcode_before_footer_widgets":"","ocean_shortcode_after_footer_widgets":"","ocean_shortcode_before_footer_bottom":"","ocean_shortcode_after_footer_bottom":"","ocean_display_top_bar":"default","ocean_display_header":"default","ocean_header_style":"","ocean_center_header_left_menu":"0","ocean_custom_header_template":"0","ocean_custom_logo":0,"ocean_custom_retina_logo":0,"ocean_custom_logo_max_width":0,"ocean_custom_logo_tablet_max_width":0,"ocean_custom_logo_mobile_max_width":0,"ocean_custom_logo_max_height":0,"ocean_custom_logo_tablet_max_height":0,"ocean_custom_logo_mobile_max_height":0,"ocean_header_custom_menu":"0","ocean_menu_typo_font_family":"0","ocean_menu_typo_font_subset":"","ocean_menu_typo_font_size":0,"ocean_menu_typo_font_size_tablet":0,"ocean_menu_typo_font_size_mobile":0,"ocean_menu_typo_font_size_unit":"px","ocean_menu_typo_font_weight":"","ocean_menu_typo_font_weight_tablet":"","ocean_menu_typo_font_weight_mobile":"","ocean_menu_typo_transform":"","ocean_menu_typo_transform_tablet":"","ocean_menu_typo_transform_mobile":"","ocean_menu_typo_line_height":0,"ocean_menu_typo_line_height_tablet":0,"ocean_menu_typo_line_height_mobile":0,"ocean_menu_typo_line_height_unit":"","ocean_menu_typo_spacing":0,"ocean_menu_typo_spacing_tablet":0,"ocean_menu_typo_spacing_mobile":0,"ocean_menu_typo_spacing_unit":"","ocean_menu_link_color":"","ocean_menu_link_color_hover":"","ocean_menu_link_color_active":"","ocean_menu_link_background":"","ocean_menu_link_hover_background":"","ocean_menu_link_active_background":"","ocean_menu_social_links_bg":"","ocean_menu_social_hover_links_bg":"","ocean_menu_social_links_color":"","ocean_menu_social_hover_links_color":"","ocean_disable_title":"default","ocean_disable_heading":"default","ocean_post_title":"","ocean_post_subheading":"","ocean_post_title_style":"","ocean_post_title_background_color":"","ocean_post_title_background":0,"ocean_post_title_bg_image_position":"","ocean_post_title_bg_image_attachment":"","ocean_post_title_bg_image_repeat":"","ocean_post_title_bg_image_size":"","ocean_post_title_height":0,"ocean_post_title_bg_overlay":0.5,"ocean_post_title_bg_overlay_color":"","ocean_disable_breadcrumbs":"default","ocean_breadcrumbs_color":"","ocean_breadcrumbs_separator_color":"","ocean_breadcrumbs_links_color":"","ocean_breadcrumbs_links_hover_color":"","ocean_display_footer_widgets":"default","ocean_display_footer_bottom":"default","ocean_custom_footer_template":"0"},"location":[],"product_brand":[],"product_cat":[94],"product_tag":[156],"class_list":{"0":"post-3318","1":"product","2":"type-product","3":"status-publish","4":"has-post-thumbnail","6":"product_cat-tratamento-profissional","7":"product_tag-x","9":"entry","10":"has-media","12":"first","13":"instock","14":"shipping-taxable","15":"purchasable","16":"product-type-simple","17":"has-product-nav","18":"col","19":"span_1_of_5","20":"owp-content-center","21":"owp-thumbs-layout-horizontal","22":"owp-btn-normal","23":"owp-tabs-layout-horizontal","24":"has-no-thumbnails"},"_links":{"self":[{"href":"https:\/\/salaoparceiro.com\/index.php\/wp-json\/wp\/v2\/product\/3318","targetHints":{"allow":["GET"]}}],"collection":[{"href":"https:\/\/salaoparceiro.com\/index.php\/wp-json\/wp\/v2\/product"}],"about":[{"href":"https:\/\/salaoparceiro.com\/index.php\/wp-json\/wp\/v2\/types\/product"}],"wp:featuredmedia":[{"embeddable":true,"href":"https:\/\/salaoparceiro.com\/index.php\/wp-json\/wp\/v2\/media\/25351"}],"wp:attachment":[{"href":"https:\/\/salaoparceiro.com\/index.php\/wp-json\/wp\/v2\/media?parent=3318"}],"wp:term":[{"taxonomy":"location","embeddable":true,"href":"https:\/\/salaoparceiro.com\/index.php\/wp-json\/wp\/v2\/location?post=3318"},{"taxonomy":"product_brand","embeddable":true,"href":"https:\/\/salaoparceiro.com\/index.php\/wp-json\/wp\/v2\/product_brand?post=3318"},{"taxonomy":"product_cat","embeddable":true,"href":"https:\/\/salaoparceiro.com\/index.php\/wp-json\/wp\/v2\/product_cat?post=3318"},{"taxonomy":"product_tag","embeddable":true,"href":"https:\/\/salaoparceiro.com\/index.php\/wp-json\/wp\/v2\/product_tag?post=3318"}],"curies":[{"name":"wp","href":"https:\/\/api.w.org\/{rel}","templated":true}]}}