{"id":3310,"date":"2022-10-10T16:29:44","date_gmt":"2022-10-10T19:29:44","guid":{"rendered":"https:\/\/salaoparceiro.com\/?post_type=product&#038;p=3310"},"modified":"2026-04-14T08:36:13","modified_gmt":"2026-04-14T11:36:13","slug":"duo-instantaneo-500g","status":"publish","type":"product","link":"https:\/\/salaoparceiro.com\/index.php\/produto\/duo-instantaneo-500g\/","title":{"rendered":"DUO INSTANT\u00c2NEO 500g"},"content":{"rendered":"<p><strong>Duo Instant\u00e2neo:<\/strong> Um verdadeiro tratamento de Nutri\u00e7\u00e3o e Revitaliza\u00e7\u00e3o instant\u00e2nea. Desembara\u00e7a, reduz o volume e acalma os fios dando aos cabelos brilho e maciez. Com pH \u00e1cido e f\u00f3rmula condicionante, promove uma restaura\u00e7\u00e3o gradativa dos fios deixando-os cada vez mais saud\u00e1veis.<\/p>\n<p><strong>Complexo Nutritivo:<\/strong> Blend de frutas c\u00edtricas, vitaminas e mucilagens condicionantes. Possui propriedades remineralizantes e antioxidante. a\u00e7\u00e3o acidificante promove um equil\u00edbrio nas camadas cuticulares.<\/p>\n<p><strong>Mucilagens hidratantes: <\/strong>Previne o ressecamento, Evita as pontas duplas, Fortifica o fio e ajuda no crescimento do cabelo.<\/p>\n<p>&nbsp;<\/p>\n<h3>Ingredientes especiais:<\/h3>\n<p>Manteiga Manga\/Quaternium-70\/Hydrolyzed Silk \/ Hydrolyzed Keratin\/ Lactic Acid\/P-Cresol\/Quaternium-70\/ Luna Matrix\u00ae \/vitaminas\/ mucilagens hidratantes\/ polifen\u00f3is e sais minerais<\/p>\n<h3><\/h3>\n<h3>Como usar:<\/h3>\n<div id=\"ubDAZ5XjBZzY1sQPi6vo4QI__48\" class=\"bsmXxe\"><\/div>\n<div id=\"ubDAZ5XjBZzY1sQPi6vo4QI__48\" class=\"bsmXxe\">\n<p>Ap\u00f3s o uso do <strong>SHAMPOO FORCE + PLUS<\/strong>, retire o excesso de \u00e1gua dos fios coloque 10g do <strong>DUO INSTANT\u00c2NEO<\/strong> \u00a0em um recipiente. Em seguida aplique a m\u00e1scara em todo o comprimento e aguarde de 5 a 10 minutos. Enx\u00e1gue<\/p>\n<\/div>\n<div id=\"ubDAZ5XjBZzY1sQPi6vo4QI__48\" class=\"bsmXxe\"><\/div>\n<p>&nbsp;<\/p>\n<h3>A\u00e7\u00e3o \/ Resultado:<\/h3>\n<p><strong>Desenvolvido para o CRONOGRAMA + PLUS,\u00a0 O DUO INSTANT\u00c2NEO\u00a0<\/strong> ideal para cabelos porosos e ressecados oferece um complexo Nutritivo &#8211; A\u00e7a\u00ed, acerola e uva obtido atrav\u00e9s do processamento biotecnol\u00f3gico de frutos. Elimina de forma instant\u00e2neo o ressecamento oferecendo brilho e maciez. A\u00e7\u00e3o <strong>ACIDIFICANTE + PLUS<\/strong> promove um equil\u00edbrio nas camadas cuticulares eliminando a porosidade.<\/p>\n","protected":false},"excerpt":{"rendered":"<p>Elimina a porosidade dos cabelos com sua a\u00e7\u00e3o acidificante, oferecendo brilho e cabelos male\u00e1veis.<\/p>\n<p>&nbsp;<\/p>\n","protected":false},"featured_media":6781,"template":"","meta":{"ocean_post_layout":"","ocean_both_sidebars_style":"","ocean_both_sidebars_content_width":0,"ocean_both_sidebars_sidebars_width":0,"ocean_sidebar":"0","ocean_second_sidebar":"0","ocean_disable_margins":"enable","ocean_add_body_class":"","ocean_shortcode_before_top_bar":"","ocean_shortcode_after_top_bar":"","ocean_shortcode_before_header":"","ocean_shortcode_after_header":"","ocean_has_shortcode":"","ocean_shortcode_after_title":"","ocean_shortcode_before_footer_widgets":"","ocean_shortcode_after_footer_widgets":"","ocean_shortcode_before_footer_bottom":"","ocean_shortcode_after_footer_bottom":"","ocean_display_top_bar":"default","ocean_display_header":"default","ocean_header_style":"","ocean_center_header_left_menu":"0","ocean_custom_header_template":"0","ocean_custom_logo":0,"ocean_custom_retina_logo":0,"ocean_custom_logo_max_width":0,"ocean_custom_logo_tablet_max_width":0,"ocean_custom_logo_mobile_max_width":0,"ocean_custom_logo_max_height":0,"ocean_custom_logo_tablet_max_height":0,"ocean_custom_logo_mobile_max_height":0,"ocean_header_custom_menu":"0","ocean_menu_typo_font_family":"0","ocean_menu_typo_font_subset":"","ocean_menu_typo_font_size":0,"ocean_menu_typo_font_size_tablet":0,"ocean_menu_typo_font_size_mobile":0,"ocean_menu_typo_font_size_unit":"px","ocean_menu_typo_font_weight":"","ocean_menu_typo_font_weight_tablet":"","ocean_menu_typo_font_weight_mobile":"","ocean_menu_typo_transform":"","ocean_menu_typo_transform_tablet":"","ocean_menu_typo_transform_mobile":"","ocean_menu_typo_line_height":0,"ocean_menu_typo_line_height_tablet":0,"ocean_menu_typo_line_height_mobile":0,"ocean_menu_typo_line_height_unit":"","ocean_menu_typo_spacing":0,"ocean_menu_typo_spacing_tablet":0,"ocean_menu_typo_spacing_mobile":0,"ocean_menu_typo_spacing_unit":"","ocean_menu_link_color":"","ocean_menu_link_color_hover":"","ocean_menu_link_color_active":"","ocean_menu_link_background":"","ocean_menu_link_hover_background":"","ocean_menu_link_active_background":"","ocean_menu_social_links_bg":"","ocean_menu_social_hover_links_bg":"","ocean_menu_social_links_color":"","ocean_menu_social_hover_links_color":"","ocean_disable_title":"default","ocean_disable_heading":"default","ocean_post_title":"","ocean_post_subheading":"","ocean_post_title_style":"","ocean_post_title_background_color":"","ocean_post_title_background":0,"ocean_post_title_bg_image_position":"","ocean_post_title_bg_image_attachment":"","ocean_post_title_bg_image_repeat":"","ocean_post_title_bg_image_size":"","ocean_post_title_height":0,"ocean_post_title_bg_overlay":0.5,"ocean_post_title_bg_overlay_color":"","ocean_disable_breadcrumbs":"default","ocean_breadcrumbs_color":"","ocean_breadcrumbs_separator_color":"","ocean_breadcrumbs_links_color":"","ocean_breadcrumbs_links_hover_color":"","ocean_display_footer_widgets":"default","ocean_display_footer_bottom":"default","ocean_custom_footer_template":"0"},"location":[],"product_brand":[],"product_cat":[94],"product_tag":[156],"class_list":{"0":"post-3310","1":"product","2":"type-product","3":"status-publish","4":"has-post-thumbnail","6":"product_cat-tratamento-profissional","7":"product_tag-x","9":"entry","10":"has-media","12":"first","13":"instock","14":"shipping-taxable","15":"purchasable","16":"product-type-simple","17":"has-product-nav","18":"col","19":"span_1_of_5","20":"owp-content-center","21":"owp-thumbs-layout-horizontal","22":"owp-btn-normal","23":"owp-tabs-layout-horizontal","24":"has-no-thumbnails"},"_links":{"self":[{"href":"https:\/\/salaoparceiro.com\/index.php\/wp-json\/wp\/v2\/product\/3310","targetHints":{"allow":["GET"]}}],"collection":[{"href":"https:\/\/salaoparceiro.com\/index.php\/wp-json\/wp\/v2\/product"}],"about":[{"href":"https:\/\/salaoparceiro.com\/index.php\/wp-json\/wp\/v2\/types\/product"}],"wp:featuredmedia":[{"embeddable":true,"href":"https:\/\/salaoparceiro.com\/index.php\/wp-json\/wp\/v2\/media\/6781"}],"wp:attachment":[{"href":"https:\/\/salaoparceiro.com\/index.php\/wp-json\/wp\/v2\/media?parent=3310"}],"wp:term":[{"taxonomy":"location","embeddable":true,"href":"https:\/\/salaoparceiro.com\/index.php\/wp-json\/wp\/v2\/location?post=3310"},{"taxonomy":"product_brand","embeddable":true,"href":"https:\/\/salaoparceiro.com\/index.php\/wp-json\/wp\/v2\/product_brand?post=3310"},{"taxonomy":"product_cat","embeddable":true,"href":"https:\/\/salaoparceiro.com\/index.php\/wp-json\/wp\/v2\/product_cat?post=3310"},{"taxonomy":"product_tag","embeddable":true,"href":"https:\/\/salaoparceiro.com\/index.php\/wp-json\/wp\/v2\/product_tag?post=3310"}],"curies":[{"name":"wp","href":"https:\/\/api.w.org\/{rel}","templated":true}]}}