{"id":3307,"date":"2022-10-10T16:27:41","date_gmt":"2022-10-10T19:27:41","guid":{"rendered":"https:\/\/salaoparceiro.com\/?post_type=product&#038;p=3307"},"modified":"2026-04-06T17:22:44","modified_gmt":"2026-04-06T20:22:44","slug":"active-ativador-de-cachos-500ml","status":"publish","type":"product","link":"https:\/\/salaoparceiro.com\/index.php\/produto\/active-ativador-de-cachos-500ml\/","title":{"rendered":"ACTIVE ATIVADOR DE CACHOS 500mL"},"content":{"rendered":"<p><strong>Ativador de Cachos:\u00a0<\/strong> Al\u00e9m de definir cachos, promove hidrata\u00e7\u00e3o brilho, maciez e sedosidade. Indicado para cabelos crespos ondulados e cacheados. Al\u00e9m de definir cachos, promove hidrata\u00e7\u00e3o brilho, maciez e sedosidade. Elaborado com queratina, filtro solar, reparador de pontas e ativos desembara\u00e7ante, condicionantes e emolientes, reduz o volume, acalma os fios rebeldes, real\u00e7a os cachos e protege a cor natural dos cabelos.<\/p>\n<p><strong>&#8211; Luna Matrix:<\/strong> \u00c9 um gel Lamelar para repor massa perdida dos cabelos de forma inteligente, permitindo uma restaura\u00e7\u00e3o total. Possui alta afinidade com a fibra capilar reparando as madeixas de dentro para fora.<\/p>\n<p><strong>Poliquart\u00eanio 55:<\/strong> Promove fixa\u00e7\u00e3o nos cachos, efeito memoria, prote\u00e7\u00e3o da cor e altamente condicionante.<\/p>\n<p>&nbsp;<\/p>\n<h3>Ingredientes especiais:<\/h3>\n<p><strong>\u00d3leo de Coco<\/strong>\/ <strong>Polyquaternium-55 \/ <\/strong><strong>Hydrolyzed Keratin<\/strong><strong>\/ Quaternium-70 \/<\/strong><strong> Amodimethicone Vitamina E \/ <\/strong><strong>Acetyl Cysteine \/ Arginine HCL\/\u00a0Filtro Solar UVB e UVA.<\/strong><\/p>\n<h3><\/h3>\n<h3>Como usar:<\/h3>\n<p>Dividir as madeixas em se\u00e7\u00f5es e aplique o <strong>ACTIVE + PLUS<\/strong> nos cabelos limpos e \u00famidos mecha \u00e0 mecha do comprimento a pontas, deixar secar naturalmente ou utilizar o difusor para melhor definir os cachos.<\/p>\n<div id=\"ubDAZ5XjBZzY1sQPi6vo4QI__48\" class=\"bsmXxe\">\n<ul>\n<li><span data-huuid=\"10766530908443649391\">\u00a0Concentre a maior quantidade de produto nas pontas, para que elas fiquem bem definidas e com menos frizz. <\/span><\/li>\n<li><span data-huuid=\"10766530908443649391\">Utilize t\u00e9cnicas como fitagem ou dedoliss.<span class=\"pjBG2e\" data-cid=\"1064bc1b-fe2e-4086-9551-3fe7f4482b7e\"><span class=\"UV3uM\">\u00a0<\/span><\/span><\/span><\/li>\n<\/ul>\n<\/div>\n<p>&nbsp;<\/p>\n<h3>A\u00e7\u00e3o \/ Resultado:<\/h3>\n<p><span class=\"ILfuVd\" lang=\"pt\"><span class=\"hgKElc\"><strong>O ACTIVE + PLUS<\/strong> real\u00e7a a forma natural dos cachos, mas tamb\u00e9m oferece um condicionamento essencial para manter os fios saud\u00e1veis e vibrantes. O ativador de cachos forma uma pel\u00edcula filmog\u00e9na sobre a fibra capilar ajuda a acentuar a forma natural dos cachos, proporcionando defini\u00e7\u00e3o sem rigidez. Efeito de prote\u00e7\u00e3o solar <strong>UVA E UVB.<\/strong><\/span><\/span><\/p>\n<p>&nbsp;<\/p>\n<p>&nbsp;<\/p>\n<p>&nbsp;<\/p>\n","protected":false},"excerpt":{"rendered":"<p>A\u00e7\u00e3o disciplinante e umidifica\u00a0 repara\u00a0 os cachos eliminando o frizz\u00a0 com durabilidade e brilho.<\/p>\n","protected":false},"featured_media":7965,"template":"","meta":{"ocean_post_layout":"","ocean_both_sidebars_style":"","ocean_both_sidebars_content_width":0,"ocean_both_sidebars_sidebars_width":0,"ocean_sidebar":"0","ocean_second_sidebar":"0","ocean_disable_margins":"enable","ocean_add_body_class":"","ocean_shortcode_before_top_bar":"","ocean_shortcode_after_top_bar":"","ocean_shortcode_before_header":"","ocean_shortcode_after_header":"","ocean_has_shortcode":"","ocean_shortcode_after_title":"","ocean_shortcode_before_footer_widgets":"","ocean_shortcode_after_footer_widgets":"","ocean_shortcode_before_footer_bottom":"","ocean_shortcode_after_footer_bottom":"","ocean_display_top_bar":"default","ocean_display_header":"default","ocean_header_style":"","ocean_center_header_left_menu":"0","ocean_custom_header_template":"0","ocean_custom_logo":0,"ocean_custom_retina_logo":0,"ocean_custom_logo_max_width":0,"ocean_custom_logo_tablet_max_width":0,"ocean_custom_logo_mobile_max_width":0,"ocean_custom_logo_max_height":0,"ocean_custom_logo_tablet_max_height":0,"ocean_custom_logo_mobile_max_height":0,"ocean_header_custom_menu":"0","ocean_menu_typo_font_family":"0","ocean_menu_typo_font_subset":"","ocean_menu_typo_font_size":0,"ocean_menu_typo_font_size_tablet":0,"ocean_menu_typo_font_size_mobile":0,"ocean_menu_typo_font_size_unit":"px","ocean_menu_typo_font_weight":"","ocean_menu_typo_font_weight_tablet":"","ocean_menu_typo_font_weight_mobile":"","ocean_menu_typo_transform":"","ocean_menu_typo_transform_tablet":"","ocean_menu_typo_transform_mobile":"","ocean_menu_typo_line_height":0,"ocean_menu_typo_line_height_tablet":0,"ocean_menu_typo_line_height_mobile":0,"ocean_menu_typo_line_height_unit":"","ocean_menu_typo_spacing":0,"ocean_menu_typo_spacing_tablet":0,"ocean_menu_typo_spacing_mobile":0,"ocean_menu_typo_spacing_unit":"","ocean_menu_link_color":"","ocean_menu_link_color_hover":"","ocean_menu_link_color_active":"","ocean_menu_link_background":"","ocean_menu_link_hover_background":"","ocean_menu_link_active_background":"","ocean_menu_social_links_bg":"","ocean_menu_social_hover_links_bg":"","ocean_menu_social_links_color":"","ocean_menu_social_hover_links_color":"","ocean_disable_title":"default","ocean_disable_heading":"default","ocean_post_title":"","ocean_post_subheading":"","ocean_post_title_style":"","ocean_post_title_background_color":"","ocean_post_title_background":0,"ocean_post_title_bg_image_position":"","ocean_post_title_bg_image_attachment":"","ocean_post_title_bg_image_repeat":"","ocean_post_title_bg_image_size":"","ocean_post_title_height":0,"ocean_post_title_bg_overlay":0.5,"ocean_post_title_bg_overlay_color":"","ocean_disable_breadcrumbs":"default","ocean_breadcrumbs_color":"","ocean_breadcrumbs_separator_color":"","ocean_breadcrumbs_links_color":"","ocean_breadcrumbs_links_hover_color":"","ocean_display_footer_widgets":"default","ocean_display_footer_bottom":"default","ocean_custom_footer_template":"0"},"location":[],"product_brand":[],"product_cat":[15],"product_tag":[],"class_list":{"0":"post-3307","1":"product","2":"type-product","3":"status-publish","4":"has-post-thumbnail","6":"product_cat-sem-categoria","8":"entry","9":"has-media","11":"first","12":"instock","13":"shipping-taxable","14":"purchasable","15":"product-type-simple","16":"has-product-nav","17":"col","18":"span_1_of_5","19":"owp-content-center","20":"owp-thumbs-layout-horizontal","21":"owp-btn-normal","22":"owp-tabs-layout-horizontal","23":"has-no-thumbnails"},"_links":{"self":[{"href":"https:\/\/salaoparceiro.com\/index.php\/wp-json\/wp\/v2\/product\/3307","targetHints":{"allow":["GET"]}}],"collection":[{"href":"https:\/\/salaoparceiro.com\/index.php\/wp-json\/wp\/v2\/product"}],"about":[{"href":"https:\/\/salaoparceiro.com\/index.php\/wp-json\/wp\/v2\/types\/product"}],"wp:featuredmedia":[{"embeddable":true,"href":"https:\/\/salaoparceiro.com\/index.php\/wp-json\/wp\/v2\/media\/7965"}],"wp:attachment":[{"href":"https:\/\/salaoparceiro.com\/index.php\/wp-json\/wp\/v2\/media?parent=3307"}],"wp:term":[{"taxonomy":"location","embeddable":true,"href":"https:\/\/salaoparceiro.com\/index.php\/wp-json\/wp\/v2\/location?post=3307"},{"taxonomy":"product_brand","embeddable":true,"href":"https:\/\/salaoparceiro.com\/index.php\/wp-json\/wp\/v2\/product_brand?post=3307"},{"taxonomy":"product_cat","embeddable":true,"href":"https:\/\/salaoparceiro.com\/index.php\/wp-json\/wp\/v2\/product_cat?post=3307"},{"taxonomy":"product_tag","embeddable":true,"href":"https:\/\/salaoparceiro.com\/index.php\/wp-json\/wp\/v2\/product_tag?post=3307"}],"curies":[{"name":"wp","href":"https:\/\/api.w.org\/{rel}","templated":true}]}}