{"id":3229,"date":"2022-10-10T11:10:45","date_gmt":"2022-10-10T14:10:45","guid":{"rendered":"https:\/\/salaoparceiro.com\/?post_type=product&#038;p=3229"},"modified":"2026-04-13T15:03:00","modified_gmt":"2026-04-13T18:03:00","slug":"intensive-reconstrutor-500ml","status":"publish","type":"product","link":"https:\/\/salaoparceiro.com\/index.php\/produto\/intensive-reconstrutor-500ml\/","title":{"rendered":"INTENSIVE RECONSTRUTOR 500mL"},"content":{"rendered":"<p><strong>Intensive Reconstrutor:<\/strong> Corrige e repara cabelos danificados, e coloridos e quimicamente tratados. Elaborado com nanoqueratina que reduz a porosidade do fio, melhora a resist\u00eancia e a elasticidade. Luna Matrix restaura profundamente a estrutura da fibra capilar.<\/p>\n<p><strong>Col\u00e1geno e Elastina:<\/strong> Complexo com propriedades bioativas, atuando como reparador, hidratante, umectante e nutritivo, proporciona maleabilidade, maciez brilho. Bio Ativo de Coco, Creatine<strong>:<\/strong> Amino\u00e1cidos com propriedade revitalizantes do metabolismo energ\u00e9tico celular, suavizantes, hidratantes, repara\u00e7\u00e3o e prote\u00e7\u00e3o da superf\u00edcie cuticular.<\/p>\n<p><strong>Macadamia Ternifolia Seed Oil: <\/strong>\u00d3leo de Macad\u00e2mia &#8211; Fruto de origem australiana, o \u00f3leo \u00e9 altamente emoliente e hidratante, sua composi\u00e7\u00e3o \u00e9 rica em \u00f4megas e Vitamina E. Promove maciez, sedosidade, combate o ressecamento, auxilia na redu\u00e7\u00e3o do frizz e devolve a elasticidade natural e brilho.<\/p>\n<p>&nbsp;<\/p>\n<h3>Ingredientes especiais:<\/h3>\n<p>Bio Ativo de Coco, Quart\u00eanio 70, Propylene Glycol, Bio Ativo do Milho, \u00d3leo de Palma, Lactic Acid,\u00a0Macadamia Ternifolia Seed Oil, Hydrolyzed Collagen \/ Hydrolyzed Elastin\/ Hydrolyzed Keratin\/ Creatine\/ Hydrolyzed Collagen\/ P-Cresol Anti Age.<\/p>\n<h3><\/h3>\n<h3>Como usar:<\/h3>\n<p>Ap\u00f3s o uso do <strong>SHAMPOO FORCE + PLU<\/strong>S, retire o excesso de \u00e1gua dos fios, coloque 10g do <strong>INTENSIVE RECONSTRUTOR<\/strong> em um recipiente<strong>, <\/strong>em seguida coloque na palma das m\u00e3os, envolva uma palma contra a outra para ativar o <strong>BIO<\/strong> <strong>ATIVO COL\u00c1GENO<\/strong>. Aplique a m\u00e1scara em todo o comprimento e aguarde de 5 a 10 minutos. Enx\u00e1gue.<\/p>\n<h3>A\u00e7\u00e3o \/ Resultado:<\/h3>\n<p><strong>Desenvolvido para o CRONOGRAMA + PLUS,\u00a0<\/strong>restaura completamente as madeixas com o bioativo <strong>ELASTINA + PLUS<\/strong>. Ideal para cabelos danificados por processos qu\u00edmicos.<\/p>\n<p>&nbsp;<\/p>\n","protected":false},"excerpt":{"rendered":"<p>Ideal para recuperar cabelos que passou por processos qu\u00edmicos tipo colora\u00e7\u00e3o, alisamentos, descolora\u00e7\u00e3o e permanentes.<\/p>\n","protected":false},"featured_media":6782,"template":"","meta":{"ocean_post_layout":"","ocean_both_sidebars_style":"","ocean_both_sidebars_content_width":0,"ocean_both_sidebars_sidebars_width":0,"ocean_sidebar":"0","ocean_second_sidebar":"0","ocean_disable_margins":"enable","ocean_add_body_class":"","ocean_shortcode_before_top_bar":"","ocean_shortcode_after_top_bar":"","ocean_shortcode_before_header":"","ocean_shortcode_after_header":"","ocean_has_shortcode":"","ocean_shortcode_after_title":"","ocean_shortcode_before_footer_widgets":"","ocean_shortcode_after_footer_widgets":"","ocean_shortcode_before_footer_bottom":"","ocean_shortcode_after_footer_bottom":"","ocean_display_top_bar":"default","ocean_display_header":"default","ocean_header_style":"","ocean_center_header_left_menu":"0","ocean_custom_header_template":"0","ocean_custom_logo":0,"ocean_custom_retina_logo":0,"ocean_custom_logo_max_width":0,"ocean_custom_logo_tablet_max_width":0,"ocean_custom_logo_mobile_max_width":0,"ocean_custom_logo_max_height":0,"ocean_custom_logo_tablet_max_height":0,"ocean_custom_logo_mobile_max_height":0,"ocean_header_custom_menu":"0","ocean_menu_typo_font_family":"0","ocean_menu_typo_font_subset":"","ocean_menu_typo_font_size":0,"ocean_menu_typo_font_size_tablet":0,"ocean_menu_typo_font_size_mobile":0,"ocean_menu_typo_font_size_unit":"px","ocean_menu_typo_font_weight":"","ocean_menu_typo_font_weight_tablet":"","ocean_menu_typo_font_weight_mobile":"","ocean_menu_typo_transform":"","ocean_menu_typo_transform_tablet":"","ocean_menu_typo_transform_mobile":"","ocean_menu_typo_line_height":0,"ocean_menu_typo_line_height_tablet":0,"ocean_menu_typo_line_height_mobile":0,"ocean_menu_typo_line_height_unit":"","ocean_menu_typo_spacing":0,"ocean_menu_typo_spacing_tablet":0,"ocean_menu_typo_spacing_mobile":0,"ocean_menu_typo_spacing_unit":"","ocean_menu_link_color":"","ocean_menu_link_color_hover":"","ocean_menu_link_color_active":"","ocean_menu_link_background":"","ocean_menu_link_hover_background":"","ocean_menu_link_active_background":"","ocean_menu_social_links_bg":"","ocean_menu_social_hover_links_bg":"","ocean_menu_social_links_color":"","ocean_menu_social_hover_links_color":"","ocean_disable_title":"default","ocean_disable_heading":"default","ocean_post_title":"","ocean_post_subheading":"","ocean_post_title_style":"","ocean_post_title_background_color":"","ocean_post_title_background":0,"ocean_post_title_bg_image_position":"","ocean_post_title_bg_image_attachment":"","ocean_post_title_bg_image_repeat":"","ocean_post_title_bg_image_size":"","ocean_post_title_height":0,"ocean_post_title_bg_overlay":0.5,"ocean_post_title_bg_overlay_color":"","ocean_disable_breadcrumbs":"default","ocean_breadcrumbs_color":"","ocean_breadcrumbs_separator_color":"","ocean_breadcrumbs_links_color":"","ocean_breadcrumbs_links_hover_color":"","ocean_display_footer_widgets":"default","ocean_display_footer_bottom":"default","ocean_custom_footer_template":"0"},"location":[],"product_brand":[],"product_cat":[94],"product_tag":[156],"class_list":{"0":"post-3229","1":"product","2":"type-product","3":"status-publish","4":"has-post-thumbnail","6":"product_cat-tratamento-profissional","7":"product_tag-x","9":"entry","10":"has-media","12":"first","13":"instock","14":"shipping-taxable","15":"purchasable","16":"product-type-simple","17":"has-product-nav","18":"col","19":"span_1_of_5","20":"owp-content-center","21":"owp-thumbs-layout-horizontal","22":"owp-btn-normal","23":"owp-tabs-layout-horizontal","24":"has-no-thumbnails"},"_links":{"self":[{"href":"https:\/\/salaoparceiro.com\/index.php\/wp-json\/wp\/v2\/product\/3229","targetHints":{"allow":["GET"]}}],"collection":[{"href":"https:\/\/salaoparceiro.com\/index.php\/wp-json\/wp\/v2\/product"}],"about":[{"href":"https:\/\/salaoparceiro.com\/index.php\/wp-json\/wp\/v2\/types\/product"}],"wp:featuredmedia":[{"embeddable":true,"href":"https:\/\/salaoparceiro.com\/index.php\/wp-json\/wp\/v2\/media\/6782"}],"wp:attachment":[{"href":"https:\/\/salaoparceiro.com\/index.php\/wp-json\/wp\/v2\/media?parent=3229"}],"wp:term":[{"taxonomy":"location","embeddable":true,"href":"https:\/\/salaoparceiro.com\/index.php\/wp-json\/wp\/v2\/location?post=3229"},{"taxonomy":"product_brand","embeddable":true,"href":"https:\/\/salaoparceiro.com\/index.php\/wp-json\/wp\/v2\/product_brand?post=3229"},{"taxonomy":"product_cat","embeddable":true,"href":"https:\/\/salaoparceiro.com\/index.php\/wp-json\/wp\/v2\/product_cat?post=3229"},{"taxonomy":"product_tag","embeddable":true,"href":"https:\/\/salaoparceiro.com\/index.php\/wp-json\/wp\/v2\/product_tag?post=3229"}],"curies":[{"name":"wp","href":"https:\/\/api.w.org\/{rel}","templated":true}]}}