{"id":3009,"date":"2022-09-20T17:14:43","date_gmt":"2022-09-20T20:14:43","guid":{"rendered":"https:\/\/salaoparceiro.com\/?post_type=product&#038;p=3009"},"modified":"2026-04-16T14:55:54","modified_gmt":"2026-04-16T17:55:54","slug":"brushing-defrizante-250ml","status":"publish","type":"product","link":"https:\/\/salaoparceiro.com\/index.php\/produto\/brushing-defrizante-250ml\/","title":{"rendered":"BRUSHING SERUM DEFRIZANTE 201mL"},"content":{"rendered":"<p><strong>Hair Brushing:<\/strong> Protege os cabelos do calor do secador, da prancha e do atrito da escova. Realinha as cut\u00edculas deixando os cabelos lisos, macios e male\u00e1veis, al\u00e9m de prolongar o efeito liso. Indicado para todos os tipos de cabelos.<\/p>\n<p><strong>Poliquartenio 70:<\/strong> protetor t\u00e9rmico, condicionante, desembara\u00e7ante e antifrizz.<\/p>\n<p><strong>Silicone Amino:<\/strong> melhora a penteabilidade a seco e \u00famido, oferece condicionamento, brilho e suavidade.<\/p>\n<p>&nbsp;<\/p>\n<h3>Ingredientes especiais:<\/h3>\n<p>Luna Matrix\u00ae\/queratinas hidrolisadas e quaternizadas \/Emulsionante cati\u00f4nico, antiest\u00e1tico\/ Quaternium-70 \/ Perfume masculino Eternus &#8211; Notas florais com sa\u00edda c\u00edtrica\/ P-Cresol Ante Age<\/p>\n<p>&nbsp;<\/p>\n<h3>Como usar:<\/h3>\n<div id=\"ubDAZ5XjBZzY1sQPi6vo4QI__48\" class=\"bsmXxe\">\n<p>Com os fios umedecidos, aplique no comprimento e pontas antes de utilizar ferramentas de calor distribuindo bem. Seque os fios com o secador e finalize com a chapinha, se preferir.\u00a0 \u00c9 obrigat\u00f3rio o uso de calor para melhor absor\u00e7\u00e3o e fixa\u00e7\u00e3o dos ativos.<\/p>\n<\/div>\n<p>&nbsp;<\/p>\n<h3>A\u00e7\u00e3o \/ Resultado:<\/h3>\n<p><strong>Desenvolvido para o CRONOGRAMA + PLUS,\u00a0 O BRUSHING SERUM DEFRISANTE\u00a0<\/strong> ideal para oferecer durabilidade na escova\u00e7\u00e3o\u00a0 promovendo um equil\u00edbrio nas camadas cuticulares eliminando a porosidade. efeito de brilho intenso e duradouro. promove um efeito de alisamento tempor\u00e1rio, <strong>80% +<\/strong> durabilidade na escova.<\/p>\n","protected":false},"excerpt":{"rendered":"<p>Ideal para antes da escova, oferecendo brilho ao extremo e dando durabilidade ao liso.<br \/>\n53<\/p>\n","protected":false},"featured_media":46663,"template":"","meta":{"ocean_post_layout":"","ocean_both_sidebars_style":"","ocean_both_sidebars_content_width":0,"ocean_both_sidebars_sidebars_width":0,"ocean_sidebar":"0","ocean_second_sidebar":"0","ocean_disable_margins":"enable","ocean_add_body_class":"","ocean_shortcode_before_top_bar":"","ocean_shortcode_after_top_bar":"","ocean_shortcode_before_header":"","ocean_shortcode_after_header":"","ocean_has_shortcode":"","ocean_shortcode_after_title":"","ocean_shortcode_before_footer_widgets":"","ocean_shortcode_after_footer_widgets":"","ocean_shortcode_before_footer_bottom":"","ocean_shortcode_after_footer_bottom":"","ocean_display_top_bar":"default","ocean_display_header":"default","ocean_header_style":"","ocean_center_header_left_menu":"0","ocean_custom_header_template":"0","ocean_custom_logo":0,"ocean_custom_retina_logo":0,"ocean_custom_logo_max_width":0,"ocean_custom_logo_tablet_max_width":0,"ocean_custom_logo_mobile_max_width":0,"ocean_custom_logo_max_height":0,"ocean_custom_logo_tablet_max_height":0,"ocean_custom_logo_mobile_max_height":0,"ocean_header_custom_menu":"0","ocean_menu_typo_font_family":"0","ocean_menu_typo_font_subset":"","ocean_menu_typo_font_size":0,"ocean_menu_typo_font_size_tablet":0,"ocean_menu_typo_font_size_mobile":0,"ocean_menu_typo_font_size_unit":"px","ocean_menu_typo_font_weight":"","ocean_menu_typo_font_weight_tablet":"","ocean_menu_typo_font_weight_mobile":"","ocean_menu_typo_transform":"","ocean_menu_typo_transform_tablet":"","ocean_menu_typo_transform_mobile":"","ocean_menu_typo_line_height":0,"ocean_menu_typo_line_height_tablet":0,"ocean_menu_typo_line_height_mobile":0,"ocean_menu_typo_line_height_unit":"","ocean_menu_typo_spacing":0,"ocean_menu_typo_spacing_tablet":0,"ocean_menu_typo_spacing_mobile":0,"ocean_menu_typo_spacing_unit":"","ocean_menu_link_color":"","ocean_menu_link_color_hover":"","ocean_menu_link_color_active":"","ocean_menu_link_background":"","ocean_menu_link_hover_background":"","ocean_menu_link_active_background":"","ocean_menu_social_links_bg":"","ocean_menu_social_hover_links_bg":"","ocean_menu_social_links_color":"","ocean_menu_social_hover_links_color":"","ocean_disable_title":"default","ocean_disable_heading":"default","ocean_post_title":"","ocean_post_subheading":"","ocean_post_title_style":"","ocean_post_title_background_color":"","ocean_post_title_background":0,"ocean_post_title_bg_image_position":"","ocean_post_title_bg_image_attachment":"","ocean_post_title_bg_image_repeat":"","ocean_post_title_bg_image_size":"","ocean_post_title_height":0,"ocean_post_title_bg_overlay":0.5,"ocean_post_title_bg_overlay_color":"","ocean_disable_breadcrumbs":"default","ocean_breadcrumbs_color":"","ocean_breadcrumbs_separator_color":"","ocean_breadcrumbs_links_color":"","ocean_breadcrumbs_links_hover_color":"","ocean_display_footer_widgets":"default","ocean_display_footer_bottom":"default","ocean_custom_footer_template":"0"},"location":[],"product_brand":[],"product_cat":[67],"product_tag":[],"class_list":{"0":"post-3009","1":"product","2":"type-product","3":"status-publish","4":"has-post-thumbnail","6":"product_cat-manutencao","8":"entry","9":"has-media","11":"first","12":"instock","13":"featured","14":"shipping-taxable","15":"purchasable","16":"product-type-simple","17":"has-product-nav","18":"col","19":"span_1_of_5","20":"owp-content-center","21":"owp-thumbs-layout-horizontal","22":"owp-btn-normal","23":"owp-tabs-layout-horizontal","24":"has-no-thumbnails"},"_links":{"self":[{"href":"https:\/\/salaoparceiro.com\/index.php\/wp-json\/wp\/v2\/product\/3009","targetHints":{"allow":["GET"]}}],"collection":[{"href":"https:\/\/salaoparceiro.com\/index.php\/wp-json\/wp\/v2\/product"}],"about":[{"href":"https:\/\/salaoparceiro.com\/index.php\/wp-json\/wp\/v2\/types\/product"}],"wp:featuredmedia":[{"embeddable":true,"href":"https:\/\/salaoparceiro.com\/index.php\/wp-json\/wp\/v2\/media\/46663"}],"wp:attachment":[{"href":"https:\/\/salaoparceiro.com\/index.php\/wp-json\/wp\/v2\/media?parent=3009"}],"wp:term":[{"taxonomy":"location","embeddable":true,"href":"https:\/\/salaoparceiro.com\/index.php\/wp-json\/wp\/v2\/location?post=3009"},{"taxonomy":"product_brand","embeddable":true,"href":"https:\/\/salaoparceiro.com\/index.php\/wp-json\/wp\/v2\/product_brand?post=3009"},{"taxonomy":"product_cat","embeddable":true,"href":"https:\/\/salaoparceiro.com\/index.php\/wp-json\/wp\/v2\/product_cat?post=3009"},{"taxonomy":"product_tag","embeddable":true,"href":"https:\/\/salaoparceiro.com\/index.php\/wp-json\/wp\/v2\/product_tag?post=3009"}],"curies":[{"name":"wp","href":"https:\/\/api.w.org\/{rel}","templated":true}]}}