{"id":3006,"date":"2022-09-20T17:10:05","date_gmt":"2022-09-20T20:10:05","guid":{"rendered":"https:\/\/salaoparceiro.com\/?post_type=product&#038;p=3006"},"modified":"2026-04-16T09:08:41","modified_gmt":"2026-04-16T12:08:41","slug":"obrigatorio-ion-equalize-multifuncional-301ml","status":"publish","type":"product","link":"https:\/\/salaoparceiro.com\/index.php\/produto\/obrigatorio-ion-equalize-multifuncional-301ml\/","title":{"rendered":"OBRIGATORIO:  ION EQUALIZE MULTIFUNCIONAL 301mL"},"content":{"rendered":"<p><strong>Spray Multifuncional:<\/strong> hidrata, restaura o brilho e a maciez deixando os cabelos leves, protegidos e com movimento. Elaborado com Blend de Amino\u00e1cidos, \u00d4mega Plus\u00ae, Pantenol e Vitamina E, possui propriedades hidratantes, nutritivas e restauradoras, conferindo cabelos revitalizados, macios e com brilho absoluto, cont\u00e9m protetor t\u00e9rmico e filtro solar. Ideal para momento praia e piscina.<\/p>\n<p><strong>\u00d4mega Plus\u00ae:\u00a0<\/strong>Fonte vegetal de Macad\u00e2mia e \u00d3leo de Oliva, promove reposi\u00e7\u00e3o lip\u00eddica, mantem a suavidade, flexibilidade, emoliente e umectante.<\/p>\n<p><strong>Pantenol:<\/strong> Pro vitamina B5, protetor, lubrificante, hidratante de longa dura\u00e7\u00e3o e estimulante.<\/p>\n<p>&nbsp;<\/p>\n<h3>Ingredientes especiais:<\/h3>\n<p>Dimethicone\/Dimethiconol\/Tensoativo cati\u00f4nico\/Quaternium-70\/\u00d3leo de palma\/\u00d3leo de coco\/Lactic Acid \/ Aqua\/Filtro Solar UVB e UVA\/Macadamia Integrifolia Seed Oi\/\u00d4mega Plus\u00ae\/ Tocopheryl Acetate\/Sodium PCA \/ Sodium Lactate \/ Arginine \/ Aspartic Acid \/ PCA \/ Glycine \/ Alanine \/ Serine \/ Valine \/ Proline \/ Threonine \/ Isoleucine \/ Histidine \/Phenylalanine \/ Aqua\/Provitamina B5<\/p>\n<p>&nbsp;<\/p>\n<h3>Como usar:<\/h3>\n<div id=\"ubDAZ5XjBZzY1sQPi6vo4QI__48\" class=\"bsmXxe\"><\/div>\n<div id=\"ubDAZ5XjBZzY1sQPi6vo4QI__48\" class=\"bsmXxe\">\n<p><strong>USO DI\u00c1RIO<\/strong>: Aplique diretamente na fibra capilar, depois pentear para melhor distribui\u00e7\u00e3o no comprimento e pontas.<\/p>\n<p><strong>USO PRAIA E PISCINA:<\/strong> Antes e depois para proteger contra o excesso da \u00e1gua do mar e os agentes qu\u00edmicos da piscina, assim prevenindo a porosidade.<\/p>\n<p>Antes da escova aplicar\u00a0\u00a0 <b>\u00cdON EQUALIZE<\/b> nas pontas e meio. Auxilia na fitagem dos cacheados oferecendo brilho e maciez<\/p>\n<p>&nbsp;<\/p>\n<\/div>\n<h3>A\u00e7\u00e3o \/ Resultado:<\/h3>\n<p>DICA PARA O PROFISSIONAL<\/p>\n<p>Com sua a\u00e7\u00e3o <strong>ACIDIFICANTE<\/strong> foi desenvolvido para auxiliar nos servi\u00e7os <strong>MECHAS, COLORA\u00c7\u00c3O E<\/strong> <strong>ALISAMENTOS<\/strong>. Elaborado com um <strong>BLEND DE AMINO\u00c1CIDOS, \u00d4MEGA PLUS E PANTENOL. <\/strong>Sua f\u00f3rmula leve e de r\u00e1pida absor\u00e7\u00e3o. Penetra profundamente na fibra capilar, reparando os danos, selando as cut\u00edculas e criando um filme protetor.<\/p>\n<p>Restaura brilho, maciez, suavidade, flexibilidade e leveza, como tamb\u00e9m, \u00e9 respons\u00e1vel por permitir um melhor desempenho dos ativos cosm\u00e9ticos sobre os cabelos quimicamente tratados. Elimina <strong>80%<\/strong> da porosidade e do ressecamento na <strong>1\u00ba APLICA\u00c7\u00c3O.<\/strong><\/p>\n","protected":false},"excerpt":{"rendered":"<p><strong>Possui 15 benef\u00edcios em um \u00fanico produto:<\/strong><\/p>\n<p><strong>1<\/strong>. Hidro repara\u00e7\u00e3o; <strong>2<\/strong>. Doador Brilho; <strong>3. <\/strong>Maciez; <strong>4.<\/strong> Sedosidade; <strong>5.<\/strong> <strong>A\u00e7\u00e3o anti-quebra 6.<\/strong> Disciplinante<strong> 7.<\/strong> <strong>Repara os fios danificados<\/strong>;<strong> 8. <\/strong>Nutri\u00e7\u00e3o Revitalizante; <strong>9. <\/strong>Anti-porosidade <strong>10. Filtro Solar;<\/strong> <strong>11. <\/strong>Selador de pontas duplas <strong>12.<\/strong> Potencializa a Cor; <strong>13.<\/strong> <strong>Auxilia nos processos qu\u00edmicos<\/strong> <strong>14. <\/strong>Reposi\u00e7\u00e3o lip\u00eddica <strong>15. Anti Age.<\/strong><\/p>\n<p>&nbsp;<\/p>\n<p>uso obrigat\u00f3rio<\/p>\n<p><strong>\u00a0<\/strong><\/p>\n","protected":false},"featured_media":36340,"template":"","meta":{"ocean_post_layout":"","ocean_both_sidebars_style":"","ocean_both_sidebars_content_width":0,"ocean_both_sidebars_sidebars_width":0,"ocean_sidebar":"0","ocean_second_sidebar":"0","ocean_disable_margins":"enable","ocean_add_body_class":"","ocean_shortcode_before_top_bar":"","ocean_shortcode_after_top_bar":"","ocean_shortcode_before_header":"","ocean_shortcode_after_header":"","ocean_has_shortcode":"","ocean_shortcode_after_title":"","ocean_shortcode_before_footer_widgets":"","ocean_shortcode_after_footer_widgets":"","ocean_shortcode_before_footer_bottom":"","ocean_shortcode_after_footer_bottom":"","ocean_display_top_bar":"default","ocean_display_header":"default","ocean_header_style":"","ocean_center_header_left_menu":"0","ocean_custom_header_template":"0","ocean_custom_logo":0,"ocean_custom_retina_logo":0,"ocean_custom_logo_max_width":0,"ocean_custom_logo_tablet_max_width":0,"ocean_custom_logo_mobile_max_width":0,"ocean_custom_logo_max_height":0,"ocean_custom_logo_tablet_max_height":0,"ocean_custom_logo_mobile_max_height":0,"ocean_header_custom_menu":"0","ocean_menu_typo_font_family":"0","ocean_menu_typo_font_subset":"","ocean_menu_typo_font_size":0,"ocean_menu_typo_font_size_tablet":0,"ocean_menu_typo_font_size_mobile":0,"ocean_menu_typo_font_size_unit":"px","ocean_menu_typo_font_weight":"","ocean_menu_typo_font_weight_tablet":"","ocean_menu_typo_font_weight_mobile":"","ocean_menu_typo_transform":"","ocean_menu_typo_transform_tablet":"","ocean_menu_typo_transform_mobile":"","ocean_menu_typo_line_height":0,"ocean_menu_typo_line_height_tablet":0,"ocean_menu_typo_line_height_mobile":0,"ocean_menu_typo_line_height_unit":"","ocean_menu_typo_spacing":0,"ocean_menu_typo_spacing_tablet":0,"ocean_menu_typo_spacing_mobile":0,"ocean_menu_typo_spacing_unit":"","ocean_menu_link_color":"","ocean_menu_link_color_hover":"","ocean_menu_link_color_active":"","ocean_menu_link_background":"","ocean_menu_link_hover_background":"","ocean_menu_link_active_background":"","ocean_menu_social_links_bg":"","ocean_menu_social_hover_links_bg":"","ocean_menu_social_links_color":"","ocean_menu_social_hover_links_color":"","ocean_disable_title":"default","ocean_disable_heading":"default","ocean_post_title":"","ocean_post_subheading":"","ocean_post_title_style":"","ocean_post_title_background_color":"","ocean_post_title_background":0,"ocean_post_title_bg_image_position":"","ocean_post_title_bg_image_attachment":"","ocean_post_title_bg_image_repeat":"","ocean_post_title_bg_image_size":"","ocean_post_title_height":0,"ocean_post_title_bg_overlay":0.5,"ocean_post_title_bg_overlay_color":"","ocean_disable_breadcrumbs":"default","ocean_breadcrumbs_color":"","ocean_breadcrumbs_separator_color":"","ocean_breadcrumbs_links_color":"","ocean_breadcrumbs_links_hover_color":"","ocean_display_footer_widgets":"default","ocean_display_footer_bottom":"default","ocean_custom_footer_template":"0"},"location":[],"product_brand":[],"product_cat":[67],"product_tag":[],"class_list":{"0":"post-3006","1":"product","2":"type-product","3":"status-publish","4":"has-post-thumbnail","6":"product_cat-manutencao","8":"entry","9":"has-media","11":"first","12":"instock","13":"featured","14":"shipping-taxable","15":"purchasable","16":"product-type-simple","17":"has-product-nav","18":"col","19":"span_1_of_5","20":"owp-content-center","21":"owp-thumbs-layout-horizontal","22":"owp-btn-normal","23":"owp-tabs-layout-horizontal","24":"has-no-thumbnails"},"_links":{"self":[{"href":"https:\/\/salaoparceiro.com\/index.php\/wp-json\/wp\/v2\/product\/3006","targetHints":{"allow":["GET"]}}],"collection":[{"href":"https:\/\/salaoparceiro.com\/index.php\/wp-json\/wp\/v2\/product"}],"about":[{"href":"https:\/\/salaoparceiro.com\/index.php\/wp-json\/wp\/v2\/types\/product"}],"wp:featuredmedia":[{"embeddable":true,"href":"https:\/\/salaoparceiro.com\/index.php\/wp-json\/wp\/v2\/media\/36340"}],"wp:attachment":[{"href":"https:\/\/salaoparceiro.com\/index.php\/wp-json\/wp\/v2\/media?parent=3006"}],"wp:term":[{"taxonomy":"location","embeddable":true,"href":"https:\/\/salaoparceiro.com\/index.php\/wp-json\/wp\/v2\/location?post=3006"},{"taxonomy":"product_brand","embeddable":true,"href":"https:\/\/salaoparceiro.com\/index.php\/wp-json\/wp\/v2\/product_brand?post=3006"},{"taxonomy":"product_cat","embeddable":true,"href":"https:\/\/salaoparceiro.com\/index.php\/wp-json\/wp\/v2\/product_cat?post=3006"},{"taxonomy":"product_tag","embeddable":true,"href":"https:\/\/salaoparceiro.com\/index.php\/wp-json\/wp\/v2\/product_tag?post=3006"}],"curies":[{"name":"wp","href":"https:\/\/api.w.org\/{rel}","templated":true}]}}