{"id":2999,"date":"2022-09-20T17:00:38","date_gmt":"2022-09-20T20:00:38","guid":{"rendered":"https:\/\/salaoparceiro.com\/?post_type=product&#038;p=2999"},"modified":"2026-03-10T09:52:13","modified_gmt":"2026-03-10T12:52:13","slug":"mascara-ultra-blond-250g","status":"publish","type":"product","link":"https:\/\/salaoparceiro.com\/index.php\/produto\/mascara-ultra-blond-250g\/","title":{"rendered":"MASCARA ULTRA BLOND 250g"},"content":{"rendered":"<p><strong>M\u00e1scara Blond:<\/strong> Para cabelos loiros, com pigmentos violeta promovem um efeito platinado perola, neutralizando a tonalidade dourada alaranjada causada pela oxida\u00e7\u00e3o. Com objetivo de reavivar a cor e dar uma apar\u00eancia maravilhosa aos seus cabelos deixando-os com brilho perfeito e hidratado.<\/p>\n<p><strong>Manteiga de Cereais:<\/strong> Promove flexibilidade, condicionamento rica em \u00e1cidos graxos e auxilia na absor\u00e7\u00e3o e reten\u00e7\u00e3o da umidade e na regulamenta\u00e7\u00e3o do equil\u00edbrio h\u00eddrico. Possui filtro solar que protege os fios dos efeitos da exposi\u00e7\u00e3o ao sol.<\/p>\n<p><b>Col\u00e1geno<\/b><strong>\u00a0e Elastina:<\/strong> Complexo bio ativo que nutre, repara, hidrata e regenera.<\/p>\n<h3>Ingredientes especiais:<\/h3>\n<p>Hydrolyzed Collagen \/ Hydrolyzed Elastin \/ Hydrolyzed Milk Protein \/ Hydrolyzed Keratin \/ Hydrolyzed Wheat Protein \/ Hydrolyzed Rice Protein \/Hydrolyzed Silk \/ Panthenol \/ Hydrolyzed Collagen \/ Aqua \/ Hydrolyzed Keratin \/ Cocodimonium Hydroxypropoylhydrolyzed Keratin \/Methylisothiazolinone \/ Iodopropynyl Butylcarbamate \/ DMDM Hydantoin<\/p>\n<p>Perfume feminino Fantasy Britney Spears &#8211; Notas florais e bals\u00e2micas com sa\u00edda frutal e musk.<\/p>\n<h3>Como usar:<\/h3>\n<p>Ap\u00f3s o uso do <strong>SHAMPOO ULTRA BLOND<\/strong>, retire o excesso de \u00e1gua dos fios, coloque 20g da <strong>M\u00c1SCARA<\/strong> <strong>ULTRA BLOND VIVACE COLOR\u00a0<\/strong>em um recipiente. Em seguida aplique a m\u00e1scara nas madeixas\u00a0 e aguarde entre 10 \u00e1 20 minutos. Enx\u00e1gue<\/p>\n<h3>A\u00e7\u00e3o \/ Resultado:<\/h3>\n<p>\u00c9 um produto de origem vegetal, rico em \u00e1cidos graxos, vitaminas, \u00f4megas e lip\u00eddios que promovem hidrata\u00e7\u00e3o intensa, emoli\u00eancia, prote\u00e7\u00e3o, umecta\u00e7\u00e3o, reposi\u00e7\u00e3o lip\u00eddica, a\u00e7\u00e3o antioxidante e suavizante. Auxilia na absor\u00e7\u00e3o e reten\u00e7\u00e3o da umidade e na regulamenta\u00e7\u00e3o do equil\u00edbrio h\u00eddrico.<\/p>\n<p>DICA PARA O PROFISSIONAL<\/p>\n<p>Ideal para cabelos nos tons <strong>LOIROS NATURAIS<\/strong> e tons de L<strong>OIROS DOURADOS E BEGE<\/strong>, tonaliza cabelos nas t\u00e9cnicas de mechas direcionando para o estilo <strong>P\u00c9ROLA<\/strong>. Atua tamb\u00e9m na a\u00e7\u00e3o de neutraliza\u00e7\u00e3o de tons indesejados como <strong>TONS DOURADOS E DOURADOS ACOBREADOS.<\/strong><\/p>\n<p>&nbsp;<\/p>\n<p>&nbsp;<\/p>\n","protected":false},"excerpt":{"rendered":"<p>Ideal para matizar e neutralizar dourados e acobreados de cabelos descoloridos super claros com tons de abertura 8, 9 e 10 e buscam o efeito platinado acinzentado nos fios.<\/p>\n<p>&nbsp;<\/p>\n<p>vivace<\/p>\n","protected":false},"featured_media":7846,"template":"","meta":{"ocean_post_layout":"","ocean_both_sidebars_style":"","ocean_both_sidebars_content_width":0,"ocean_both_sidebars_sidebars_width":0,"ocean_sidebar":"0","ocean_second_sidebar":"0","ocean_disable_margins":"enable","ocean_add_body_class":"","ocean_shortcode_before_top_bar":"","ocean_shortcode_after_top_bar":"","ocean_shortcode_before_header":"","ocean_shortcode_after_header":"","ocean_has_shortcode":"","ocean_shortcode_after_title":"","ocean_shortcode_before_footer_widgets":"","ocean_shortcode_after_footer_widgets":"","ocean_shortcode_before_footer_bottom":"","ocean_shortcode_after_footer_bottom":"","ocean_display_top_bar":"default","ocean_display_header":"default","ocean_header_style":"","ocean_center_header_left_menu":"0","ocean_custom_header_template":"0","ocean_custom_logo":0,"ocean_custom_retina_logo":0,"ocean_custom_logo_max_width":0,"ocean_custom_logo_tablet_max_width":0,"ocean_custom_logo_mobile_max_width":0,"ocean_custom_logo_max_height":0,"ocean_custom_logo_tablet_max_height":0,"ocean_custom_logo_mobile_max_height":0,"ocean_header_custom_menu":"0","ocean_menu_typo_font_family":"0","ocean_menu_typo_font_subset":"","ocean_menu_typo_font_size":0,"ocean_menu_typo_font_size_tablet":0,"ocean_menu_typo_font_size_mobile":0,"ocean_menu_typo_font_size_unit":"px","ocean_menu_typo_font_weight":"","ocean_menu_typo_font_weight_tablet":"","ocean_menu_typo_font_weight_mobile":"","ocean_menu_typo_transform":"","ocean_menu_typo_transform_tablet":"","ocean_menu_typo_transform_mobile":"","ocean_menu_typo_line_height":0,"ocean_menu_typo_line_height_tablet":0,"ocean_menu_typo_line_height_mobile":0,"ocean_menu_typo_line_height_unit":"","ocean_menu_typo_spacing":0,"ocean_menu_typo_spacing_tablet":0,"ocean_menu_typo_spacing_mobile":0,"ocean_menu_typo_spacing_unit":"","ocean_menu_link_color":"","ocean_menu_link_color_hover":"","ocean_menu_link_color_active":"","ocean_menu_link_background":"","ocean_menu_link_hover_background":"","ocean_menu_link_active_background":"","ocean_menu_social_links_bg":"","ocean_menu_social_hover_links_bg":"","ocean_menu_social_links_color":"","ocean_menu_social_hover_links_color":"","ocean_disable_title":"default","ocean_disable_heading":"default","ocean_post_title":"","ocean_post_subheading":"","ocean_post_title_style":"","ocean_post_title_background_color":"","ocean_post_title_background":0,"ocean_post_title_bg_image_position":"","ocean_post_title_bg_image_attachment":"","ocean_post_title_bg_image_repeat":"","ocean_post_title_bg_image_size":"","ocean_post_title_height":0,"ocean_post_title_bg_overlay":0.5,"ocean_post_title_bg_overlay_color":"","ocean_disable_breadcrumbs":"default","ocean_breadcrumbs_color":"","ocean_breadcrumbs_separator_color":"","ocean_breadcrumbs_links_color":"","ocean_breadcrumbs_links_hover_color":"","ocean_display_footer_widgets":"default","ocean_display_footer_bottom":"default","ocean_custom_footer_template":"0"},"location":[],"product_brand":[],"product_cat":[67,72],"product_tag":[],"class_list":{"0":"post-2999","1":"product","2":"type-product","3":"status-publish","4":"has-post-thumbnail","6":"product_cat-manutencao","7":"product_cat-vivace-color","9":"entry","10":"has-media","12":"first","13":"outofstock","14":"shipping-taxable","15":"purchasable","16":"product-type-simple","17":"has-product-nav","18":"col","19":"span_1_of_5","20":"owp-content-center","21":"owp-thumbs-layout-horizontal","22":"owp-btn-normal","23":"owp-tabs-layout-horizontal","24":"has-no-thumbnails"},"_links":{"self":[{"href":"https:\/\/salaoparceiro.com\/index.php\/wp-json\/wp\/v2\/product\/2999","targetHints":{"allow":["GET"]}}],"collection":[{"href":"https:\/\/salaoparceiro.com\/index.php\/wp-json\/wp\/v2\/product"}],"about":[{"href":"https:\/\/salaoparceiro.com\/index.php\/wp-json\/wp\/v2\/types\/product"}],"wp:featuredmedia":[{"embeddable":true,"href":"https:\/\/salaoparceiro.com\/index.php\/wp-json\/wp\/v2\/media\/7846"}],"wp:attachment":[{"href":"https:\/\/salaoparceiro.com\/index.php\/wp-json\/wp\/v2\/media?parent=2999"}],"wp:term":[{"taxonomy":"location","embeddable":true,"href":"https:\/\/salaoparceiro.com\/index.php\/wp-json\/wp\/v2\/location?post=2999"},{"taxonomy":"product_brand","embeddable":true,"href":"https:\/\/salaoparceiro.com\/index.php\/wp-json\/wp\/v2\/product_brand?post=2999"},{"taxonomy":"product_cat","embeddable":true,"href":"https:\/\/salaoparceiro.com\/index.php\/wp-json\/wp\/v2\/product_cat?post=2999"},{"taxonomy":"product_tag","embeddable":true,"href":"https:\/\/salaoparceiro.com\/index.php\/wp-json\/wp\/v2\/product_tag?post=2999"}],"curies":[{"name":"wp","href":"https:\/\/api.w.org\/{rel}","templated":true}]}}