{"id":2978,"date":"2022-09-20T16:31:21","date_gmt":"2022-09-20T19:31:21","guid":{"rendered":"https:\/\/salaoparceiro.com\/?post_type=product&#038;p=2978"},"modified":"2026-03-30T18:57:05","modified_gmt":"2026-03-30T21:57:05","slug":"condicionador-color-shine-250ml","status":"publish","type":"product","link":"https:\/\/salaoparceiro.com\/index.php\/produto\/condicionador-color-shine-250ml\/","title":{"rendered":"CONDICIONADOR COLOR SHINE 250mL"},"content":{"rendered":"<p><strong>Condicionador Color Shine:<\/strong> Desenvolvida especialmente para cabelos coloridos e descoloridos. Sua f\u00f3rmula com extrato de Broto de Bambu, \u00d3leo de Copa\u00edba e Am\u00eandoas, favorece na durabilidade da cor resultando em tons mais duradouros e com uma vivacidade unica.<\/p>\n<p><strong>Extrato de Bambu:<\/strong> Cont\u00e9m sil\u00edcio, sais minerais e vitaminas combina\u00e7\u00e3o perfeita para cabelos coloridos. Oferece resist\u00eancia e for\u00e7a.<\/p>\n<p><strong>Tanino: <\/strong>De origem vegetal extra\u00eddo das algas marinhas e da casca da uva tem um fator fundamental para proteger a cor, com uma a\u00e7\u00e3o ante desbotamento protege a cor dos cabelos do sol e dos radicais livres.<\/p>\n","protected":false},"excerpt":{"rendered":"<p><strong>Tecnologia Color Block:<\/strong> \u00c9 a combina\u00e7\u00e3o do Extrato de Bambu com o Tanino. Fun\u00e7\u00e3o prote\u00e7\u00e3o da cor.<\/p>\n","protected":false},"featured_media":7808,"template":"","meta":{"ocean_post_layout":"","ocean_both_sidebars_style":"","ocean_both_sidebars_content_width":0,"ocean_both_sidebars_sidebars_width":0,"ocean_sidebar":"0","ocean_second_sidebar":"0","ocean_disable_margins":"enable","ocean_add_body_class":"","ocean_shortcode_before_top_bar":"","ocean_shortcode_after_top_bar":"","ocean_shortcode_before_header":"","ocean_shortcode_after_header":"","ocean_has_shortcode":"","ocean_shortcode_after_title":"","ocean_shortcode_before_footer_widgets":"","ocean_shortcode_after_footer_widgets":"","ocean_shortcode_before_footer_bottom":"","ocean_shortcode_after_footer_bottom":"","ocean_display_top_bar":"default","ocean_display_header":"default","ocean_header_style":"","ocean_center_header_left_menu":"0","ocean_custom_header_template":"0","ocean_custom_logo":0,"ocean_custom_retina_logo":0,"ocean_custom_logo_max_width":0,"ocean_custom_logo_tablet_max_width":0,"ocean_custom_logo_mobile_max_width":0,"ocean_custom_logo_max_height":0,"ocean_custom_logo_tablet_max_height":0,"ocean_custom_logo_mobile_max_height":0,"ocean_header_custom_menu":"0","ocean_menu_typo_font_family":"0","ocean_menu_typo_font_subset":"","ocean_menu_typo_font_size":0,"ocean_menu_typo_font_size_tablet":0,"ocean_menu_typo_font_size_mobile":0,"ocean_menu_typo_font_size_unit":"px","ocean_menu_typo_font_weight":"","ocean_menu_typo_font_weight_tablet":"","ocean_menu_typo_font_weight_mobile":"","ocean_menu_typo_transform":"","ocean_menu_typo_transform_tablet":"","ocean_menu_typo_transform_mobile":"","ocean_menu_typo_line_height":0,"ocean_menu_typo_line_height_tablet":0,"ocean_menu_typo_line_height_mobile":0,"ocean_menu_typo_line_height_unit":"","ocean_menu_typo_spacing":0,"ocean_menu_typo_spacing_tablet":0,"ocean_menu_typo_spacing_mobile":0,"ocean_menu_typo_spacing_unit":"","ocean_menu_link_color":"","ocean_menu_link_color_hover":"","ocean_menu_link_color_active":"","ocean_menu_link_background":"","ocean_menu_link_hover_background":"","ocean_menu_link_active_background":"","ocean_menu_social_links_bg":"","ocean_menu_social_hover_links_bg":"","ocean_menu_social_links_color":"","ocean_menu_social_hover_links_color":"","ocean_disable_title":"default","ocean_disable_heading":"default","ocean_post_title":"","ocean_post_subheading":"","ocean_post_title_style":"","ocean_post_title_background_color":"","ocean_post_title_background":0,"ocean_post_title_bg_image_position":"","ocean_post_title_bg_image_attachment":"","ocean_post_title_bg_image_repeat":"","ocean_post_title_bg_image_size":"","ocean_post_title_height":0,"ocean_post_title_bg_overlay":0.5,"ocean_post_title_bg_overlay_color":"","ocean_disable_breadcrumbs":"default","ocean_breadcrumbs_color":"","ocean_breadcrumbs_separator_color":"","ocean_breadcrumbs_links_color":"","ocean_breadcrumbs_links_hover_color":"","ocean_display_footer_widgets":"default","ocean_display_footer_bottom":"default","ocean_custom_footer_template":"0"},"location":[],"product_brand":[],"product_cat":[67],"product_tag":[],"class_list":{"0":"post-2978","1":"product","2":"type-product","3":"status-publish","4":"has-post-thumbnail","6":"product_cat-manutencao","8":"entry","9":"has-media","11":"first","12":"instock","13":"shipping-taxable","14":"purchasable","15":"product-type-simple","16":"has-product-nav","17":"col","18":"span_1_of_5","19":"owp-content-center","20":"owp-thumbs-layout-horizontal","21":"owp-btn-normal","22":"owp-tabs-layout-horizontal","23":"has-no-thumbnails"},"_links":{"self":[{"href":"https:\/\/salaoparceiro.com\/index.php\/wp-json\/wp\/v2\/product\/2978","targetHints":{"allow":["GET"]}}],"collection":[{"href":"https:\/\/salaoparceiro.com\/index.php\/wp-json\/wp\/v2\/product"}],"about":[{"href":"https:\/\/salaoparceiro.com\/index.php\/wp-json\/wp\/v2\/types\/product"}],"wp:featuredmedia":[{"embeddable":true,"href":"https:\/\/salaoparceiro.com\/index.php\/wp-json\/wp\/v2\/media\/7808"}],"wp:attachment":[{"href":"https:\/\/salaoparceiro.com\/index.php\/wp-json\/wp\/v2\/media?parent=2978"}],"wp:term":[{"taxonomy":"location","embeddable":true,"href":"https:\/\/salaoparceiro.com\/index.php\/wp-json\/wp\/v2\/location?post=2978"},{"taxonomy":"product_brand","embeddable":true,"href":"https:\/\/salaoparceiro.com\/index.php\/wp-json\/wp\/v2\/product_brand?post=2978"},{"taxonomy":"product_cat","embeddable":true,"href":"https:\/\/salaoparceiro.com\/index.php\/wp-json\/wp\/v2\/product_cat?post=2978"},{"taxonomy":"product_tag","embeddable":true,"href":"https:\/\/salaoparceiro.com\/index.php\/wp-json\/wp\/v2\/product_tag?post=2978"}],"curies":[{"name":"wp","href":"https:\/\/api.w.org\/{rel}","templated":true}]}}