{"id":2672,"date":"2022-05-03T14:29:22","date_gmt":"2022-05-03T17:29:22","guid":{"rendered":"https:\/\/salaoparceiro.com\/index.php\/become-an-affiliate\/"},"modified":"2023-11-07T10:06:05","modified_gmt":"2023-11-07T13:06:05","slug":"cadastro-afiliado","status":"publish","type":"page","link":"https:\/\/salaoparceiro.com\/index.php\/cadastro-afiliado\/","title":{"rendered":"Torne-se um afiliado"},"content":{"rendered":"<p>Junte-se ao nosso programa de afiliados e ganhe comiss\u00e3o por cada venda bem-sucedida que voc\u00ea indicar. Inscreva-se hoje e comece a ganhar!<\/p>\n\r\n<div class=\"uap-register-form  uap-register-9\">\r\r\n\r\r\n\t\r\n\r\r\n\t<form action=\"\" method=\"post\" name=\"uap_createuser\" id=\"uap_createuser\" class=\"uap-form-create-edit\" enctype=\"multipart\/form-data\"  >\r\r\n\r\r\n\t\t\r\n\r\r\n\t\t\r\n\t\t\t\r\n\t\t\t\t\r\n\t\t\t\t\t<div class=\"uap-form-line-register uap-form-text\" id=\"uap_reg_text_4005\"><label class=\"uap-labels-register\">Nome do usu\u00e1rio<span class=\"uap-color-red\">*<\/span><\/label><input type=\"text\" name=\"user_login\" id=\"uap_user_login_field\" class=\"uap-form-element uap-form-element-text \" value=\"\" placeholder=\"\"   \/><\/div>\r\n\t\t\t\r\n\t\t\t\t\r\n\t\t\t\t\t<div class=\"uap-form-line-register uap-form-text\" id=\"uap_reg_text_1388\"><label class=\"uap-labels-register\">Primeiro nome<span class=\"uap-color-red\">*<\/span><\/label><input type=\"text\" name=\"first_name\" id=\"uap_first_name_field\" class=\"uap-form-element uap-form-element-text \" value=\"\" placeholder=\"\"   \/><\/div>\r\n\t\t\t\r\n\t\t\t\t\r\n\t\t\t\t\t<div class=\"uap-form-line-register uap-form-text\" id=\"uap_reg_text_3754\"><label class=\"uap-labels-register\">\u00daltimo nome<span class=\"uap-color-red\">*<\/span><\/label><input type=\"text\" name=\"last_name\" id=\"uap_last_name_field\" class=\"uap-form-element uap-form-element-text \" value=\"\" placeholder=\"\"   \/><\/div>\r\n\t\t\t\r\n\t\t\t\t\r\n\t\t\t\t\t<div class=\"uap-form-line-register uap-form-text\" id=\"uap_reg_text_7450\"><label class=\"uap-labels-register\">CPF<span class=\"uap-color-red\">*<\/span><\/label><input type=\"text\" name=\"cpf\" id=\"uap_cpf_field\" class=\"uap-form-element uap-form-element-text \" value=\"\" placeholder=\"\"   \/><\/div>\r\n\t\t\t\r\n\t\t\t\t\r\n\t\t\t\t\t<div class=\"uap-form-line-register uap-form-text\" id=\"uap_reg_text_2096\"><label class=\"uap-labels-register\">E-mail<span class=\"uap-color-red\">*<\/span><\/label><input type=\"text\" name=\"user_email\" id=\"uap_user_email_field\" class=\"uap-form-element uap-form-element-text \" value=\"\" placeholder=\"\"   \/><\/div>\r\n\t\t\t\r\n\t\t\t\t\r\n\t\t\t\t\r\n\t\t\t\t\r\n\t\t\t\t\t<div class=\"uap-form-line-register uap-form-password\" id=\"uap_reg_password_7851\"><label class=\"uap-labels-register\">Senha<span class=\"uap-color-red\">*<\/span><\/label><input type=\"password\" name=\"pass1\" id=\"uap_pass1_field\" class=\"uap-form-element uap-form-element-password \" value=\"\" placeholder=\"\"  data-rules=\"6,1\"  autocomplete=\"new-password\" \/><div class=\"uap-strength-wrapper\"><ul class=\"uap-strength\"><li class=\"point\"><\/li><li class=\"point\"><\/li><li class=\"point\"><\/li><li class=\"point\"><\/li><li class=\"point\"><\/li><\/ul><div class=\"uap-strength-label\"><\/div><\/div><\/div>\r\n\t\t\t\r\n\t\t\t\t\r\n\t\t\t\t\t<div class=\"uap-form-line-register uap-form-password\" id=\"uap_reg_password_6212\"><label class=\"uap-labels-register\">Confirme a Senha<span class=\"uap-color-red\">*<\/span><\/label><input type=\"password\" name=\"pass2\" id=\"uap_pass2_field\" class=\"uap-form-element uap-form-element-password \" value=\"\" placeholder=\"\"  data-rules=\"6,1\"  autocomplete=\"new-password\" \/><div class=\"uap-strength-wrapper\"><ul class=\"uap-strength\"><li class=\"point\"><\/li><li class=\"point\"><\/li><li class=\"point\"><\/li><li class=\"point\"><\/li><li class=\"point\"><\/li><\/ul><div class=\"uap-strength-label\"><\/div><\/div><\/div>\r\n\t\t\t\r\n\t\t\t\t\r\n\t\t\t\t\r\n\t\t\t\t\t<div class=\"uap-form-line-register uap-form-text\" id=\"uap_reg_text_6356\"><label class=\"uap-labels-register\">Telefone (Whatsapp)<span class=\"uap-color-red\">*<\/span><\/label><input type=\"text\" name=\"phone\" id=\"uap_phone_field\" class=\"uap-form-element uap-form-element-text \" value=\"\" placeholder=\"\"   \/><\/div>\r\n\t\t\t\r\n\t\t\t\t\r\n\t\t\t\t\r\n\t\t\t\t\r\n\t\t\t\t\r\n\t\t\t\t\r\n\t\t\t\t\r\n\t\t\t\t\r\n\t\t\t\t\t<div class=\"uap-tos-wrap\" id=\"uap_tos_field_parent_918\"><input type=\"checkbox\" value=\"1\" name=\"tos\" class=\"\" \/><a href=\"https:\/\/salaoparceiro.com\/index.php\/affiliate-tos-page\/\" target=\"_blank\">Aceite nossos Termos e Condi\u00e7\u00f5es<\/a><\/div>\r\n\t\t\t\r\n\t\t\t\t\r\n\t\t\t\t\r\n\t\t\t\t\t<div class=\"uap-form-line-register uap-form-uap_country\" id=\"uap_reg_uap_country_3861\"><label class=\"uap-labels-register\">Pais<\/label><select name=\"uap_country\" id=\"uap_uap_country_field\" class=\"uap-form-element uap-form-element-select\"><option value=\"af\" >Afeganist\u00e3o<\/option><option value=\"ax\" >&#197;land Islands<\/option><option value=\"al\" >Alb\u00e2nia<\/option><option value=\"dz\" >Arg\u00e9lia<\/option><option value=\"as\" >Samoa Americana<\/option><option value=\"ad\" >Andorra<\/option><option value=\"ao\" >Angola<\/option><option value=\"ai\" >Anguila<\/option><option value=\"aq\" >Antarctica<\/option><option value=\"ag\" >Antigua e Barbuda<\/option><option value=\"ar\" >Argentina<\/option><option value=\"am\" >Arm\u00eania<\/option><option value=\"aw\" >Aruba<\/option><option value=\"au\" >Australia<\/option><option value=\"at\" >Austria<\/option><option value=\"az\" >Azerbaijan<\/option><option value=\"bs\" >Bahamas<\/option><option value=\"bh\" >Bahrain<\/option><option value=\"bd\" >Bangladesh<\/option><option value=\"bb\" >Barbados<\/option><option value=\"by\" >Bielorr\u00fassia<\/option><option value=\"be\" >B\u00e9lgica<\/option><option value=\"pw\" >Belau<\/option><option value=\"bz\" >Belize<\/option><option value=\"bj\" >Benim<\/option><option value=\"bm\" >Bermudas<\/option><option value=\"bt\" >But\u00e3o<\/option><option value=\"bo\" >Bol\u00edvia<\/option><option value=\"bq\" >Bonaire, Santo Eust\u00e1quio e Saba<\/option><option value=\"ba\" >B\u00f3snia e Herzegovina<\/option><option value=\"bw\" >Botsuana<\/option><option value=\"bv\" >Ilha Bouvet<\/option><option value=\"br\" selected>Brasil<\/option><option value=\"io\" >Territ\u00f3rio Brit\u00e2nico do Oceano \u00cdndico<\/option><option value=\"vg\" >Ilhas Virgens Brit\u00e2nicas<\/option><option value=\"bn\" >Brunei<\/option><option value=\"bg\" >Bulgaria<\/option><option value=\"bf\" >Burkina Faso<\/option><option value=\"bi\" >Burundi<\/option><option value=\"kh\" >Camboja<\/option><option value=\"cm\" >Cameroon<\/option><option value=\"ca\" >Canada<\/option><option value=\"cv\" >Cape Verde<\/option><option value=\"ky\" >Ilhas Cayman<\/option><option value=\"cf\" >Rep\u00fablica Centro-Africana<\/option><option value=\"td\" >Chade<\/option><option value=\"cl\" >Chile<\/option><option value=\"cn\" >China<\/option><option value=\"cx\" >Christmas Island<\/option><option value=\"cc\" >Ilhas Cocos (Keeling)<\/option><option value=\"co\" >Colombia<\/option><option value=\"km\" >Comores<\/option><option value=\"cg\" >Congo (Brazzaville)<\/option><option value=\"cd\" >Congo (Kinshasa)<\/option><option value=\"ck\" >Ilhas Cook<\/option><option value=\"cr\" >Costa Rica<\/option><option value=\"hr\" >Cro\u00e1cia<\/option><option value=\"cu\" >Cuba<\/option><option value=\"cw\" >Cura&ccedil;ao<\/option><option value=\"cy\" >Cyprus<\/option><option value=\"cz\" >Rep\u00fablica Checa<\/option><option value=\"dk\" >Dinamarca<\/option><option value=\"dj\" >Djibouti<\/option><option value=\"dm\" >Dominica<\/option><option value=\"do\" >Rep\u00fablica Dominicana<\/option><option value=\"ec\" >Equador<\/option><option value=\"eg\" >Egito<\/option><option value=\"sv\" >El Salvador<\/option><option value=\"gq\" >Guin\u00e9 Equatorial<\/option><option value=\"er\" >Eritreia<\/option><option value=\"ee\" >Est\u00f4nia<\/option><option value=\"et\" >Ethiopia<\/option><option value=\"fk\" >Ilhas Malvinas<\/option><option value=\"fo\" >ilhas Faroe<\/option><option value=\"fj\" >Fiji<\/option><option value=\"fi\" >Finl\u00e2ndia<\/option><option value=\"fr\" >Fran\u00e7a<\/option><option value=\"gf\" >Guiana Francesa<\/option><option value=\"pf\" >Polin\u00e9sia Francesa<\/option><option value=\"tf\" >Territ\u00f3rios do Sul da Fran\u00e7a<\/option><option value=\"ga\" >Gab\u00e3o<\/option><option value=\"gm\" >G\u00e2mbia<\/option><option value=\"ge\" >Georgia<\/option><option value=\"de\" >Alemanha<\/option><option value=\"gh\" >Gana<\/option><option value=\"gi\" >Gibraltar<\/option><option value=\"gr\" >Gr\u00e9cia<\/option><option value=\"gl\" >Groenl\u00e2ndia<\/option><option value=\"gd\" >Granada<\/option><option value=\"gp\" >Guadalupe<\/option><option value=\"gu\" >Guam<\/option><option value=\"gt\" >Guatemala<\/option><option value=\"gg\" >Guernsey<\/option><option value=\"gn\" >Guin\u00e9<\/option><option value=\"gw\" >Guin\u00e9-Bissau<\/option><option value=\"gy\" >Guiana<\/option><option value=\"ht\" >Haiti<\/option><option value=\"hm\" >Ilha Heard e Ilhas McDonald<\/option><option value=\"hn\" >Honduras<\/option><option value=\"hk\" >Hong Kong<\/option><option value=\"hu\" >Hungria<\/option><option value=\"is\" >Isl\u00e2ndia<\/option><option value=\"in\" >India<\/option><option value=\"id\" >Indon\u00e9sia<\/option><option value=\"ir\" >Ir\u00e3<\/option><option value=\"iq\" >Iraque<\/option><option value=\"ie\" >Rep\u00fablica da Irlanda<\/option><option value=\"im\" >Ilha de Man<\/option><option value=\"il\" >Israel<\/option><option value=\"it\" >It\u00e1lia<\/option><option value=\"ci\" >Costa do Marfim<\/option><option value=\"jm\" >Jamaica<\/option><option value=\"jp\" >Jap\u00e3o<\/option><option value=\"je\" >Jersey<\/option><option value=\"jo\" >Jord\u00e2nia<\/option><option value=\"kz\" >Cazaquist\u00e3o<\/option><option value=\"ke\" >Qu\u00eania<\/option><option value=\"ki\" >Kiribati<\/option><option value=\"kw\" >Kuwait<\/option><option value=\"kg\" >Quirguist\u00e3o<\/option><option value=\"la\" >Laos<\/option><option value=\"lv\" >Let\u00f4nia<\/option><option value=\"lb\" >L\u00edbano<\/option><option value=\"ls\" >Lesoto<\/option><option value=\"lr\" >Lib\u00e9ria<\/option><option value=\"ly\" >L\u00edbia<\/option><option value=\"li\" >Liechtenstein<\/option><option value=\"lt\" >Litu\u00e2nia<\/option><option value=\"lu\" >Luxemburgo<\/option><option value=\"mo\" >R.A.E. de Macau, China<\/option><option value=\"mk\" >Maced\u00f4nia<\/option><option value=\"mg\" >Madag\u00e1scar<\/option><option value=\"mw\" >Malawi<\/option><option value=\"my\" >Malaysia<\/option><option value=\"mv\" >Maldives<\/option><option value=\"ml\" >Mali<\/option><option value=\"mt\" >Malta<\/option><option value=\"mh\" >Ilhas Marshall<\/option><option value=\"mq\" >Martinica<\/option><option value=\"mr\" >Mauritania<\/option><option value=\"mu\" >Mauritius<\/option><option value=\"yt\" >Mayotte<\/option><option value=\"mx\" >Mexico<\/option><option value=\"fm\" >Micronesia<\/option><option value=\"md\" >Mold\u00e1vio<\/option><option value=\"mc\" >M\u00f4naco<\/option><option value=\"mn\" >Mongolia<\/option><option value=\"me\" >Montenegro<\/option><option value=\"ms\" >Montserrat<\/option><option value=\"ma\" >Morocco<\/option><option value=\"mz\" >Mo\u00e7ambique<\/option><option value=\"mm\" >Mianmar<\/option><option value=\"na\" >Nam\u00edbia<\/option><option value=\"nr\" >Nauru<\/option><option value=\"np\" >Nepal<\/option><option value=\"nl\" >Pa\u00edses Baixos<\/option><option value=\"an\" >Antilhas Holandesas<\/option><option value=\"nc\" >Nova Caled\u00f4nia<\/option><option value=\"nz\" >Nova Zel\u00e2ndia<\/option><option value=\"ni\" >Nicar\u00e1gua<\/option><option value=\"ne\" >N\u00edger<\/option><option value=\"ng\" >Nig\u00e9ria<\/option><option value=\"nu\" >Niue<\/option><option value=\"nf\" >Ilha Norfolk<\/option><option value=\"mp\" >Ilhas Marianas do Norte<\/option><option value=\"kp\" >Cor\u00e9ia do Norte<\/option><option value=\"no\" >Noruega<\/option><option value=\"om\" >Om\u00e3<\/option><option value=\"pk\" >Paquist\u00e3o<\/option><option value=\"ps\" >Territ\u00f3rio Palestino<\/option><option value=\"pa\" >Panam\u00e1<\/option><option value=\"pg\" >Papua Nova Guin\u00e9<\/option><option value=\"py\" >Paraguai<\/option><option value=\"pe\" >Peru<\/option><option value=\"ph\" >Philippines<\/option><option value=\"pn\" >Pitcairn<\/option><option value=\"pl\" >Pol\u00f4nia<\/option><option value=\"pt\" >Portugal<\/option><option value=\"pr\" >Porto Rico<\/option><option value=\"qa\" >Catar<\/option><option value=\"re\" >Reuni\u00e3o<\/option><option value=\"ro\" >Rom\u00eania<\/option><option value=\"ru\" >Russia<\/option><option value=\"rw\" >Rwanda<\/option><option value=\"bl\" >Saint Barth&eacute;lemy<\/option><option value=\"sh\" >Saint Helena<\/option><option value=\"kn\" >Saint Kitts and Nevis<\/option><option value=\"lc\" >Saint Lucia<\/option><option value=\"mf\" >Saint Martin (French part)<\/option><option value=\"sx\" >Saint Martin (Dutch part)<\/option><option value=\"pm\" >S\u00e3o Pedro e Miquelon<\/option><option value=\"vc\" >S\u00e3o Vicente e Granadinas<\/option><option value=\"sm\" >San Marino<\/option><option value=\"st\" >S&atilde;o Tom&eacute; and Pr&iacute;ncipe<\/option><option value=\"sa\" >Ar\u00e1bia Saudita<\/option><option value=\"sn\" >Senegal<\/option><option value=\"rs\" >S\u00e9rvio<\/option><option value=\"sc\" >Seicheles<\/option><option value=\"sl\" >Serra Leoa<\/option><option value=\"sg\" >Cingapura<\/option><option value=\"sk\" >Eslov\u00e1quia<\/option><option value=\"si\" >eslovenos<\/option><option value=\"sb\" >Ilhas Salom\u00e3o<\/option><option value=\"so\" >Som\u00e1lia<\/option><option value=\"za\" >\u00c1frica do Sul<\/option><option value=\"gs\" >Ge\u00f3rgia do Sul\/Ilhas Sandwich<\/option><option value=\"kr\" >Coreia do Sul<\/option><option value=\"ss\" >Sud\u00e3o do Sul<\/option><option value=\"es\" >Espanha<\/option><option value=\"lk\" >Sri Lanka<\/option><option value=\"sd\" >Sud\u00e3o<\/option><option value=\"sr\" >Suriname<\/option><option value=\"sj\" >Svalbard e Jan Mayen<\/option><option value=\"sz\" >Suazil\u00e2ndia<\/option><option value=\"se\" >Su\u00e9cia<\/option><option value=\"ch\" >Su\u00ed\u00e7o<\/option><option value=\"sy\" >S\u00edrio<\/option><option value=\"tw\" >Taiwan<\/option><option value=\"tj\" >Tajiquist\u00e3o<\/option><option value=\"tz\" >Tajiquist\u00e3o<\/option><option value=\"th\" >Tail\u00e2ndia<\/option><option value=\"tl\" >Timor-Leste<\/option><option value=\"tg\" >Ir<\/option><option value=\"tk\" >Toquelau<\/option><option value=\"to\" >Tonga<\/option><option value=\"tt\" >Trindade e Tobago<\/option><option value=\"tn\" >Tun\u00edsia<\/option><option value=\"tr\" >Turquia<\/option><option value=\"tm\" >Turcomenist\u00e3o<\/option><option value=\"tc\" >Ilhas Turcas e Caicos<\/option><option value=\"tv\" >Tuvalu<\/option><option value=\"ug\" >Uganda<\/option><option value=\"ua\" >Ucr\u00e2nia<\/option><option value=\"ae\" >Emirados \u00c1rabes Unidos<\/option><option value=\"gb\" >Reino Unido (Reino Unido)<\/option><option value=\"us\" >Estados Unidos (EUA)<\/option><option value=\"um\" >Estados Unidos (EUA) Ilhas Menores Distantes<\/option><option value=\"vi\" >Estados Unidos (EUA) Ilhas Virgens<\/option><option value=\"uy\" >Uruguay<\/option><option value=\"uz\" >Uzbequist\u00e3o<\/option><option value=\"vu\" >Vanuatu<\/option><option value=\"va\" >Vaticano<\/option><option value=\"ve\" >Venezuela<\/option><option value=\"vn\" >Vietnam<\/option><option value=\"wf\" >Wallis e Futuna<\/option><option value=\"eh\" >Saara Ocidental<\/option><option value=\"ws\" >Samoa<\/option><option value=\"ye\" >I\u00e9men<\/option><option value=\"zm\" >Z\u00e2mbia<\/option><option value=\"zw\" >Zimb\u00e1bue<\/option><\/select><ul id=\"uap_countries_list_ul\" class=\"uap-display-none\"><\/ul><span class=\"uap-js-select2-data\" data-label=\"Escolha o seu pa\u00eds\" data-selector=\"#uap_uap_country_field\" ><\/span><\/div>\r\n\t\t\t\r\n\t\t\t\t\r\n\t\t\t\t\r\n\t\t\t\t\t<div class=\"uap-form-line-register uap-form-single_checkbox\" id=\"uap_reg_single_checkbox_2550\"><label class=\"uap-labels-register\">Accept Opt-in<span class=\"uap-color-red\">*<\/span><\/label><div class=\"uap-single-checkbox-wrap\" id=\"uap_uap_optin_accept_field\"><input type=\"checkbox\" value=\"1\" name=\"uap_optin_accept\" class=\"uap-form-element uap-form-element-checkbox \" \/><\/div><\/div>\r\n\t\t\t\r\n\t\t\t\t\r\n\t\t\t\t\r\n\t\t\t\t\t<div class=\"uap-form-line-register uap-form-textarea\" id=\"uap_reg_textarea_386\"><label class=\"uap-labels-register\">Direct Deposit (Payout details)<span class=\"uap-color-red\">*<\/span><\/label><textarea name=\"uap_affiliate_bank_transfer_data\" id=\"uap_uap_affiliate_bank_transfer_data_field\" class=\"uap-form-element uap-form-element-textarea uap-form-textarea \"   ><\/textarea><label class=\"uap-form-sublabel\">Bank Account details for Wire transfer.<\/label><\/div>\r\n\t\t\t\r\n\t\t\r\n\t\t\r\n\t\t\r\n\t\t\r\n\t\t\t\r\n\t\t\t\t<input type='hidden' name='uap_user_add_edit_nonce' value='146a3e9b1f' \/>\r\n\t\t\t\r\n\t\t\t\t<input type=\"hidden\" name=\"uapaction\" id=\"uap_uapaction_field\" class=\"uap-form-element uap-form-element-hidden \" value=\"register\"  \/>\r\n\t\t\t\r\n\t\t\r\n\r\r\n\t\t\r\n\r\r\n\t\t\r\n\r\r\n\t\t<div class=\"uap-submit-form\">\r\r\n\t\t\t<input type=\"submit\" value=\"Registro\" name=\"Submit\" id=\"uap_submit_bttn\" class=\"uap-form-element uap-form-element-submit \"   \/>\r\n\t\t<\/div>\r\r\n\r\r\n        \r\n\r\r\n\t\t\r\n\r\r\n\t\t\r\n\r\r\n\t<\/form>\r\r\n<\/div>\r\r\n\r\r\n\r\n\t\r\n\r\n\n","protected":false},"excerpt":{"rendered":"<p>Junte-se ao nosso programa de afiliados e ganhe comiss\u00e3o por cada venda bem-sucedida que voc\u00ea indicar. Inscreva-se hoje e comece a ganhar!<\/p>\n","protected":false},"author":1,"featured_media":0,"parent":0,"menu_order":0,"comment_status":"closed","ping_status":"closed","template":"","meta":{"ocean_post_layout":"","ocean_both_sidebars_style":"","ocean_both_sidebars_content_width":0,"ocean_both_sidebars_sidebars_width":0,"ocean_sidebar":"","ocean_second_sidebar":"","ocean_disable_margins":"enable","ocean_add_body_class":"","ocean_shortcode_before_top_bar":"","ocean_shortcode_after_top_bar":"","ocean_shortcode_before_header":"","ocean_shortcode_after_header":"","ocean_has_shortcode":"","ocean_shortcode_after_title":"","ocean_shortcode_before_footer_widgets":"","ocean_shortcode_after_footer_widgets":"","ocean_shortcode_before_footer_bottom":"","ocean_shortcode_after_footer_bottom":"","ocean_display_top_bar":"default","ocean_display_header":"default","ocean_header_style":"","ocean_center_header_left_menu":"","ocean_custom_header_template":"","ocean_custom_logo":0,"ocean_custom_retina_logo":0,"ocean_custom_logo_max_width":0,"ocean_custom_logo_tablet_max_width":0,"ocean_custom_logo_mobile_max_width":0,"ocean_custom_logo_max_height":0,"ocean_custom_logo_tablet_max_height":0,"ocean_custom_logo_mobile_max_height":0,"ocean_header_custom_menu":"","ocean_menu_typo_font_family":"","ocean_menu_typo_font_subset":"","ocean_menu_typo_font_size":0,"ocean_menu_typo_font_size_tablet":0,"ocean_menu_typo_font_size_mobile":0,"ocean_menu_typo_font_size_unit":"px","ocean_menu_typo_font_weight":"","ocean_menu_typo_font_weight_tablet":"","ocean_menu_typo_font_weight_mobile":"","ocean_menu_typo_transform":"","ocean_menu_typo_transform_tablet":"","ocean_menu_typo_transform_mobile":"","ocean_menu_typo_line_height":0,"ocean_menu_typo_line_height_tablet":0,"ocean_menu_typo_line_height_mobile":0,"ocean_menu_typo_line_height_unit":"","ocean_menu_typo_spacing":0,"ocean_menu_typo_spacing_tablet":0,"ocean_menu_typo_spacing_mobile":0,"ocean_menu_typo_spacing_unit":"","ocean_menu_link_color":"","ocean_menu_link_color_hover":"","ocean_menu_link_color_active":"","ocean_menu_link_background":"","ocean_menu_link_hover_background":"","ocean_menu_link_active_background":"","ocean_menu_social_links_bg":"","ocean_menu_social_hover_links_bg":"","ocean_menu_social_links_color":"","ocean_menu_social_hover_links_color":"","ocean_disable_title":"default","ocean_disable_heading":"default","ocean_post_title":"","ocean_post_subheading":"","ocean_post_title_style":"","ocean_post_title_background_color":"","ocean_post_title_background":0,"ocean_post_title_bg_image_position":"","ocean_post_title_bg_image_attachment":"","ocean_post_title_bg_image_repeat":"","ocean_post_title_bg_image_size":"","ocean_post_title_height":0,"ocean_post_title_bg_overlay":0.5,"ocean_post_title_bg_overlay_color":"","ocean_disable_breadcrumbs":"default","ocean_breadcrumbs_color":"","ocean_breadcrumbs_separator_color":"","ocean_breadcrumbs_links_color":"","ocean_breadcrumbs_links_hover_color":"","ocean_display_footer_widgets":"default","ocean_display_footer_bottom":"default","ocean_custom_footer_template":"","footnotes":""},"class_list":["post-2672","page","type-page","status-publish","hentry","entry","owp-thumbs-layout-horizontal","owp-btn-normal","owp-tabs-layout-horizontal","has-no-thumbnails","has-product-nav"],"_links":{"self":[{"href":"https:\/\/salaoparceiro.com\/index.php\/wp-json\/wp\/v2\/pages\/2672","targetHints":{"allow":["GET"]}}],"collection":[{"href":"https:\/\/salaoparceiro.com\/index.php\/wp-json\/wp\/v2\/pages"}],"about":[{"href":"https:\/\/salaoparceiro.com\/index.php\/wp-json\/wp\/v2\/types\/page"}],"author":[{"embeddable":true,"href":"https:\/\/salaoparceiro.com\/index.php\/wp-json\/wp\/v2\/users\/1"}],"replies":[{"embeddable":true,"href":"https:\/\/salaoparceiro.com\/index.php\/wp-json\/wp\/v2\/comments?post=2672"}],"version-history":[{"count":0,"href":"https:\/\/salaoparceiro.com\/index.php\/wp-json\/wp\/v2\/pages\/2672\/revisions"}],"wp:attachment":[{"href":"https:\/\/salaoparceiro.com\/index.php\/wp-json\/wp\/v2\/media?parent=2672"}],"curies":[{"name":"wp","href":"https:\/\/api.w.org\/{rel}","templated":true}]}}